{"id":3672,"date":"2025-04-25T00:00:31","date_gmt":"2025-04-24T22:00:31","guid":{"rendered":"https:\/\/www.osianto.de\/?page_id=3672"},"modified":"2025-08-08T12:18:17","modified_gmt":"2025-08-08T10:18:17","slug":"impressum","status":"publish","type":"page","link":"https:\/\/www.osianto.de\/index.php\/rechtliches\/impressum\/","title":{"rendered":"Impressum"},"content":{"rendered":"<h2 id=\"impressum\"><strong>IMPRESSUM<\/strong><\/h2>\n<p>Die Webanwendung <strong>OSIANTO <\/strong>sowie <strong>osianto.de<\/strong> ist ein Angebot der<\/p>\n<h4 id=\"-doradus-media-design-gmbh\"><strong>30 doradus media design gmbh<\/strong><\/h4>\n<p>Niederstr. 29<br \/>\n40789 Monheim<\/p>\n<p>Telefon: +49 (0)2173 109267-0<\/p>\n<p>E-Mail:\u00a0<span class=\"plugin_link\"><a href=\"mailto:info@osianto.de\" target=\"_blank\" rel=\"noopener\">info@osianto.de<\/a><\/span><br \/>\nInternet:\u00a0<a href=\"http:\/\/www.30doradus.de\/\" target=\"_blank\" rel=\"noopener\">www.30doradus.de<\/a><\/p>\n<p>Registergericht: Amtsgericht D\u00fcsseldorf<br \/>\nRegisternummer: HRB 57952<br \/>\nVertretungsberechtigter Gesch\u00e4ftsf\u00fchrer: J\u00fcrgen Osterberg<br \/>\nSitz der Gesellschaft: Monheim<\/p>\n<p>Umsatzsteuer-ID: DE258905248<\/p>\n<p>Inhaltlich Verantwortlicher gem\u00e4\u00df \u00a7 55 Abs. 2 RStV: J\u00fcrgen Osterberg (Anschrift wie oben)<\/p>\n","protected":false},"excerpt":{"rendered":"<p>IMPRESSUM Die Webanwendung OSIANTO sowie osianto.de ist ein Angebot der 30 doradus media design gmbh Niederstr. 29 40789 Monheim Telefon: +49 (0)2173 109267-0 E-Mail:\u00a0info@osianto.de Internet:\u00a0www.30doradus.de Registergericht: Amtsgericht D\u00fcsseldorf Registernummer: HRB 57952 Vertretungsberechtigter Gesch\u00e4ftsf\u00fchrer: J\u00fcrgen Osterberg Sitz der Gesellschaft: Monheim Umsatzsteuer-ID: DE258905248 Inhaltlich Verantwortlicher gem\u00e4\u00df \u00a7 55 Abs. 2 RStV: J\u00fcrgen Osterberg (Anschrift wie oben)<\/p>\n","protected":false},"author":3,"featured_media":0,"parent":4562,"menu_order":0,"comment_status":"closed","ping_status":"closed","template":"","meta":{"_themeisle_gutenberg_block_has_review":false,"footnotes":""},"class_list":["post-3672","page","type-page","status-publish","hentry"],"yoast_head":"<!-- This site is optimized with the Yoast SEO plugin v24.9 - https:\/\/yoast.com\/wordpress\/plugins\/seo\/ -->\n<title>Impressum | OSIANTO \u2013 E-Learning f\u00fcr Pharmaunternehmen<\/title>\n<meta name=\"description\" content=\"Auf der folgenden Seite finden Sie Angaben zum Anbieter der GAMP5-validierten E-Learning-L\u00f6sung f\u00fcr Pharmaunternehmen OSIANTO.\" \/>\n<meta name=\"robots\" content=\"index, follow, max-snippet:-1, max-image-preview:large, max-video-preview:-1\" \/>\n<link rel=\"canonical\" href=\"https:\/\/www.osianto.de\/index.php\/rechtliches\/impressum\/\" \/>\n<meta property=\"og:locale\" content=\"de_DE\" \/>\n<meta property=\"og:type\" content=\"article\" \/>\n<meta property=\"og:title\" content=\"Impressum | OSIANTO \u2013 E-Learning f\u00fcr Pharmaunternehmen\" \/>\n<meta property=\"og:description\" content=\"Auf der folgenden Seite finden Sie Angaben zum Anbieter der GAMP5-validierten E-Learning-L\u00f6sung f\u00fcr Pharmaunternehmen OSIANTO.\" \/>\n<meta property=\"og:url\" content=\"https:\/\/www.osianto.de\/index.php\/rechtliches\/impressum\/\" \/>\n<meta property=\"og:site_name\" content=\"Osianto digital learning\" \/>\n<meta property=\"article:publisher\" content=\"https:\/\/www.facebook.com\/Osianto.Digital.Learning\/\" \/>\n<meta property=\"article:modified_time\" content=\"2025-08-08T10:18:17+00:00\" \/>\n<meta property=\"og:image\" content=\"https:\/\/www.osianto.de\/wp-content\/uploads\/2024\/03\/Osianto-Digital-Learning-Logo-Web-01.png\" \/>\n\t<meta property=\"og:image:width\" content=\"864\" \/>\n\t<meta property=\"og:image:height\" content=\"460\" \/>\n\t<meta property=\"og:image:type\" content=\"image\/png\" \/>\n<meta name=\"twitter:card\" content=\"summary_large_image\" \/>\n<meta name=\"twitter:site\" content=\"@Osianto1\" \/>\n<meta name=\"twitter:label1\" content=\"Gesch\u00e4tzte Lesezeit\" \/>\n\t<meta name=\"twitter:data1\" content=\"1\u00a0Minute\" \/>\n<script type=\"application\/ld+json\" class=\"yoast-schema-graph\">{\"@context\":\"https:\/\/schema.org\",\"@graph\":[{\"@type\":\"WebPage\",\"@id\":\"https:\/\/www.osianto.de\/index.php\/rechtliches\/impressum\/\",\"url\":\"https:\/\/www.osianto.de\/index.php\/rechtliches\/impressum\/\",\"name\":\"Impressum | OSIANTO \u2013 E-Learning f\u00fcr Pharmaunternehmen\",\"isPartOf\":{\"@id\":\"https:\/\/www.osianto.de\/#website\"},\"datePublished\":\"2025-04-24T22:00:31+00:00\",\"dateModified\":\"2025-08-08T10:18:17+00:00\",\"description\":\"Auf der folgenden Seite finden Sie Angaben zum Anbieter der GAMP5-validierten E-Learning-L\u00f6sung f\u00fcr Pharmaunternehmen OSIANTO.\",\"breadcrumb\":{\"@id\":\"https:\/\/www.osianto.de\/index.php\/rechtliches\/impressum\/#breadcrumb\"},\"inLanguage\":\"de\",\"potentialAction\":[{\"@type\":\"ReadAction\",\"target\":[\"https:\/\/www.osianto.de\/index.php\/rechtliches\/impressum\/\"]}]},{\"@type\":\"BreadcrumbList\",\"@id\":\"https:\/\/www.osianto.de\/index.php\/rechtliches\/impressum\/#breadcrumb\",\"itemListElement\":[{\"@type\":\"ListItem\",\"position\":1,\"name\":\"Startseite\",\"item\":\"https:\/\/www.osianto.de\/index.php\/startseite\/\"},{\"@type\":\"ListItem\",\"position\":2,\"name\":\"Rechtliches\",\"item\":\"https:\/\/www.osianto.de\/index.php\/rechtliches\/\"},{\"@type\":\"ListItem\",\"position\":3,\"name\":\"Impressum\"}]},{\"@type\":\"WebSite\",\"@id\":\"https:\/\/www.osianto.de\/#website\",\"url\":\"https:\/\/www.osianto.de\/\",\"name\":\"OSIANTO \u2013 GAMP 5-validierte E-Learning-Plattform f\u00fcr die Pharmaindustrie\",\"description\":\"Schulungsl\u00f6sung f\u00fcr Pharmahersteller und -dienstleister\",\"publisher\":{\"@id\":\"https:\/\/www.osianto.de\/#organization\"},\"alternateName\":\"OSIANTO \u2013 E-Learning f\u00fcr Pharmaunternehmen\",\"potentialAction\":[{\"@type\":\"SearchAction\",\"target\":{\"@type\":\"EntryPoint\",\"urlTemplate\":\"https:\/\/www.osianto.de\/?s={search_term_string}\"},\"query-input\":{\"@type\":\"PropertyValueSpecification\",\"valueRequired\":true,\"valueName\":\"search_term_string\"}}],\"inLanguage\":\"de\"},{\"@type\":\"Organization\",\"@id\":\"https:\/\/www.osianto.de\/#organization\",\"name\":\"30 doradus media design GmbH\",\"url\":\"https:\/\/www.osianto.de\/\",\"logo\":{\"@type\":\"ImageObject\",\"inLanguage\":\"de\",\"@id\":\"https:\/\/www.osianto.de\/#\/schema\/logo\/image\/\",\"url\":\"https:\/\/www.osianto.de\/wp-content\/uploads\/2025\/06\/30doradus.png\",\"contentUrl\":\"https:\/\/www.osianto.de\/wp-content\/uploads\/2025\/06\/30doradus.png\",\"width\":2315,\"height\":468,\"caption\":\"30 doradus media design GmbH\"},\"image\":{\"@id\":\"https:\/\/www.osianto.de\/#\/schema\/logo\/image\/\"},\"sameAs\":[\"https:\/\/www.facebook.com\/Osianto.Digital.Learning\/\",\"https:\/\/x.com\/Osianto1\",\"http:\/\/instagram.com\/osianto_digital_learning\",\"http:\/\/linkedin.com\/company\/30-doradus-media-design-gmbh\"]}]}<\/script>\n<!-- \/ Yoast SEO plugin. -->","yoast_head_json":{"title":"Impressum | OSIANTO \u2013 E-Learning f\u00fcr Pharmaunternehmen","description":"Auf der folgenden Seite finden Sie Angaben zum Anbieter der GAMP5-validierten E-Learning-L\u00f6sung f\u00fcr Pharmaunternehmen OSIANTO.","robots":{"index":"index","follow":"follow","max-snippet":"max-snippet:-1","max-image-preview":"max-image-preview:large","max-video-preview":"max-video-preview:-1"},"canonical":"https:\/\/www.osianto.de\/index.php\/rechtliches\/impressum\/","og_locale":"de_DE","og_type":"article","og_title":"Impressum | OSIANTO \u2013 E-Learning f\u00fcr Pharmaunternehmen","og_description":"Auf der folgenden Seite finden Sie Angaben zum Anbieter der GAMP5-validierten E-Learning-L\u00f6sung f\u00fcr Pharmaunternehmen OSIANTO.","og_url":"https:\/\/www.osianto.de\/index.php\/rechtliches\/impressum\/","og_site_name":"Osianto digital learning","article_publisher":"https:\/\/www.facebook.com\/Osianto.Digital.Learning\/","article_modified_time":"2025-08-08T10:18:17+00:00","og_image":[{"width":864,"height":460,"url":"https:\/\/www.osianto.de\/wp-content\/uploads\/2024\/03\/Osianto-Digital-Learning-Logo-Web-01.png","type":"image\/png"}],"twitter_card":"summary_large_image","twitter_site":"@Osianto1","twitter_misc":{"Gesch\u00e4tzte Lesezeit":"1\u00a0Minute"},"schema":{"@context":"https:\/\/schema.org","@graph":[{"@type":"WebPage","@id":"https:\/\/www.osianto.de\/index.php\/rechtliches\/impressum\/","url":"https:\/\/www.osianto.de\/index.php\/rechtliches\/impressum\/","name":"Impressum | OSIANTO \u2013 E-Learning f\u00fcr Pharmaunternehmen","isPartOf":{"@id":"https:\/\/www.osianto.de\/#website"},"datePublished":"2025-04-24T22:00:31+00:00","dateModified":"2025-08-08T10:18:17+00:00","description":"Auf der folgenden Seite finden Sie Angaben zum Anbieter der GAMP5-validierten E-Learning-L\u00f6sung f\u00fcr Pharmaunternehmen OSIANTO.","breadcrumb":{"@id":"https:\/\/www.osianto.de\/index.php\/rechtliches\/impressum\/#breadcrumb"},"inLanguage":"de","potentialAction":[{"@type":"ReadAction","target":["https:\/\/www.osianto.de\/index.php\/rechtliches\/impressum\/"]}]},{"@type":"BreadcrumbList","@id":"https:\/\/www.osianto.de\/index.php\/rechtliches\/impressum\/#breadcrumb","itemListElement":[{"@type":"ListItem","position":1,"name":"Startseite","item":"https:\/\/www.osianto.de\/index.php\/startseite\/"},{"@type":"ListItem","position":2,"name":"Rechtliches","item":"https:\/\/www.osianto.de\/index.php\/rechtliches\/"},{"@type":"ListItem","position":3,"name":"Impressum"}]},{"@type":"WebSite","@id":"https:\/\/www.osianto.de\/#website","url":"https:\/\/www.osianto.de\/","name":"OSIANTO \u2013 GAMP 5-validierte E-Learning-Plattform f\u00fcr die Pharmaindustrie","description":"Schulungsl\u00f6sung f\u00fcr Pharmahersteller und -dienstleister","publisher":{"@id":"https:\/\/www.osianto.de\/#organization"},"alternateName":"OSIANTO \u2013 E-Learning f\u00fcr Pharmaunternehmen","potentialAction":[{"@type":"SearchAction","target":{"@type":"EntryPoint","urlTemplate":"https:\/\/www.osianto.de\/?s={search_term_string}"},"query-input":{"@type":"PropertyValueSpecification","valueRequired":true,"valueName":"search_term_string"}}],"inLanguage":"de"},{"@type":"Organization","@id":"https:\/\/www.osianto.de\/#organization","name":"30 doradus media design GmbH","url":"https:\/\/www.osianto.de\/","logo":{"@type":"ImageObject","inLanguage":"de","@id":"https:\/\/www.osianto.de\/#\/schema\/logo\/image\/","url":"https:\/\/www.osianto.de\/wp-content\/uploads\/2025\/06\/30doradus.png","contentUrl":"https:\/\/www.osianto.de\/wp-content\/uploads\/2025\/06\/30doradus.png","width":2315,"height":468,"caption":"30 doradus media design GmbH"},"image":{"@id":"https:\/\/www.osianto.de\/#\/schema\/logo\/image\/"},"sameAs":["https:\/\/www.facebook.com\/Osianto.Digital.Learning\/","https:\/\/x.com\/Osianto1","http:\/\/instagram.com\/osianto_digital_learning","http:\/\/linkedin.com\/company\/30-doradus-media-design-gmbh"]}]}},"_links":{"self":[{"href":"https:\/\/www.osianto.de\/index.php\/wp-json\/wp\/v2\/pages\/3672","targetHints":{"allow":["GET"]}}],"collection":[{"href":"https:\/\/www.osianto.de\/index.php\/wp-json\/wp\/v2\/pages"}],"about":[{"href":"https:\/\/www.osianto.de\/index.php\/wp-json\/wp\/v2\/types\/page"}],"author":[{"embeddable":true,"href":"https:\/\/www.osianto.de\/index.php\/wp-json\/wp\/v2\/users\/3"}],"replies":[{"embeddable":true,"href":"https:\/\/www.osianto.de\/index.php\/wp-json\/wp\/v2\/comments?post=3672"}],"version-history":[{"count":7,"href":"https:\/\/www.osianto.de\/index.php\/wp-json\/wp\/v2\/pages\/3672\/revisions"}],"predecessor-version":[{"id":5959,"href":"https:\/\/www.osianto.de\/index.php\/wp-json\/wp\/v2\/pages\/3672\/revisions\/5959"}],"up":[{"embeddable":true,"href":"https:\/\/www.osianto.de\/index.php\/wp-json\/wp\/v2\/pages\/4562"}],"wp:attachment":[{"href":"https:\/\/www.osianto.de\/index.php\/wp-json\/wp\/v2\/media?parent=3672"}],"curies":[{"name":"wp","href":"https:\/\/api.w.org\/{rel}","templated":true}]}}