{"id":3703,"date":"2025-04-25T00:00:32","date_gmt":"2025-04-24T22:00:32","guid":{"rendered":"https:\/\/www.osianto.de\/?page_id=3703"},"modified":"2025-08-08T12:23:13","modified_gmt":"2025-08-08T10:23:13","slug":"kontakt","status":"publish","type":"page","link":"https:\/\/www.osianto.de\/index.php\/kontakt\/","title":{"rendered":"Kontakt"},"content":{"rendered":"<section  class='av_textblock_section av-8blpae-47-9ac356cfd801ae5b833dde1e72514d1f '   itemscope=\"itemscope\" itemtype=\"https:\/\/schema.org\/CreativeWork\" ><div class='avia_textblock'  itemprop=\"text\" ><h2 id=\"wir-freuen-uns-auf-ihre-r\u00fcckm\" style=\"text-align: center;\">Wir freuen uns auf <strong>Ihre R\u00fcckmeldung<\/strong>.<\/h2>\n<h2 id=\"telefon:--49-02173-109267-0\" style=\"text-align: center;\">Telefon: +49 (0)2173 109267-0<\/h2>\n<h2 id=\"mail:-infoosiantode\" style=\"text-align: center;\">Mail: info@osianto.de<\/h2>\n<\/div><\/section>\n<div  class='hr av-magm64ec-8d66dfd49203f8ed58dec77a9995c478 hr-short  avia-builder-el-1  el_after_av_textblock  el_before_av_one_half  hr-center'><span class='hr-inner '><span class=\"hr-inner-style\"><\/span><\/span><\/div>\n<div  class='flex_column av-4eqvvr-d9ec9e287c8141bf1d6ffeee175fc552 av_one_half  avia-builder-el-2  el_after_av_hr  el_before_av_one_half  first flex_column_div  '     ><div  class='avia-button-wrap av-magm7p90-fa879977952b2d88216ac4e551ce958b-wrap avia-button-center  avia-builder-el-3  avia-builder-el-no-sibling '><a href='https:\/\/www.osianto.de\/index.php\/kontakt\/webinar-anmeldung\/'  class='avia-button av-magm7p90-fa879977952b2d88216ac4e551ce958b av-link-btn avia-icon_select-no avia-size-large avia-position-center avia-color-theme-color'   aria-label=\"Webinar-Anmeldung\"><span class='avia_iconbox_title' >Webinar-Anmeldung<\/span><\/a><\/div><\/div>\n<div  class='flex_column av-33f507-0ed655e1c3b1b7f20d03318bf309cf5f av_one_half  avia-builder-el-4  el_after_av_one_half  avia-builder-el-last  flex_column_div  '     ><div  class='avia-button-wrap av-magm8c0g-21cf823430c18cc814cfeee0b5c7f30c-wrap avia-button-center  avia-builder-el-5  avia-builder-el-no-sibling '><a href='https:\/\/www.osianto.de\/index.php\/kontakt\/demo-zugang\/'  class='avia-button av-magm8c0g-21cf823430c18cc814cfeee0b5c7f30c av-link-btn avia-icon_select-no avia-size-large avia-position-center avia-color-theme-color'   aria-label=\"Demo-Zugang anfordern\"><span class='avia_iconbox_title' >Demo-Zugang anfordern<\/span><\/a><\/div><\/div>\n","protected":false},"excerpt":{"rendered":"<p>This is a Page excerpt. It will be displayed for search results<\/p>\n","protected":false},"author":3,"featured_media":0,"parent":0,"menu_order":0,"comment_status":"open","ping_status":"closed","template":"","meta":{"_themeisle_gutenberg_block_has_review":false,"footnotes":""},"class_list":["post-3703","page","type-page","status-publish","hentry"],"yoast_head":"<!-- This site is optimized with the Yoast SEO plugin v24.9 - https:\/\/yoast.com\/wordpress\/plugins\/seo\/ -->\n<title>Kontakt | OSIANTO \u2013 E-Learning f\u00fcr Pharmaunternehmen<\/title>\n<meta name=\"description\" content=\"Fragen zu unserer Plattform OSIANTO oder Interesse an einer Demo? Kontaktieren Sie uns telefonisch oder per E-Mail.\" \/>\n<meta name=\"robots\" content=\"index, follow, max-snippet:-1, max-image-preview:large, max-video-preview:-1\" \/>\n<link rel=\"canonical\" href=\"https:\/\/www.osianto.de\/index.php\/kontakt\/\" \/>\n<meta property=\"og:locale\" content=\"de_DE\" \/>\n<meta property=\"og:type\" content=\"article\" \/>\n<meta property=\"og:title\" content=\"Kontakt | OSIANTO \u2013 E-Learning f\u00fcr Pharmaunternehmen\" \/>\n<meta property=\"og:description\" content=\"Fragen zu unserer Plattform OSIANTO oder Interesse an einer Demo? Kontaktieren Sie uns telefonisch oder per E-Mail.\" \/>\n<meta property=\"og:url\" content=\"https:\/\/www.osianto.de\/index.php\/kontakt\/\" \/>\n<meta property=\"og:site_name\" content=\"Osianto digital learning\" \/>\n<meta property=\"article:publisher\" content=\"https:\/\/www.facebook.com\/Osianto.Digital.Learning\/\" \/>\n<meta property=\"article:modified_time\" content=\"2025-08-08T10:23:13+00:00\" \/>\n<meta property=\"og:image\" content=\"https:\/\/www.osianto.de\/wp-content\/uploads\/2024\/03\/Osianto-Digital-Learning-Logo-Web-01.png\" \/>\n\t<meta property=\"og:image:width\" content=\"864\" \/>\n\t<meta property=\"og:image:height\" content=\"460\" \/>\n\t<meta property=\"og:image:type\" content=\"image\/png\" \/>\n<meta name=\"twitter:card\" content=\"summary_large_image\" \/>\n<meta name=\"twitter:site\" content=\"@Osianto1\" \/>\n<meta name=\"twitter:label1\" content=\"Gesch\u00e4tzte Lesezeit\" \/>\n\t<meta name=\"twitter:data1\" content=\"1\u00a0Minute\" \/>\n<script type=\"application\/ld+json\" class=\"yoast-schema-graph\">{\"@context\":\"https:\/\/schema.org\",\"@graph\":[{\"@type\":\"WebPage\",\"@id\":\"https:\/\/www.osianto.de\/index.php\/kontakt\/\",\"url\":\"https:\/\/www.osianto.de\/index.php\/kontakt\/\",\"name\":\"Kontakt | OSIANTO \u2013 E-Learning f\u00fcr Pharmaunternehmen\",\"isPartOf\":{\"@id\":\"https:\/\/www.osianto.de\/#website\"},\"datePublished\":\"2025-04-24T22:00:32+00:00\",\"dateModified\":\"2025-08-08T10:23:13+00:00\",\"description\":\"Fragen zu unserer Plattform OSIANTO oder Interesse an einer Demo? Kontaktieren Sie uns telefonisch oder per E-Mail.\",\"breadcrumb\":{\"@id\":\"https:\/\/www.osianto.de\/index.php\/kontakt\/#breadcrumb\"},\"inLanguage\":\"de\",\"potentialAction\":[{\"@type\":\"ReadAction\",\"target\":[\"https:\/\/www.osianto.de\/index.php\/kontakt\/\"]}]},{\"@type\":\"BreadcrumbList\",\"@id\":\"https:\/\/www.osianto.de\/index.php\/kontakt\/#breadcrumb\",\"itemListElement\":[{\"@type\":\"ListItem\",\"position\":1,\"name\":\"Startseite\",\"item\":\"https:\/\/www.osianto.de\/index.php\/startseite\/\"},{\"@type\":\"ListItem\",\"position\":2,\"name\":\"Kontakt\"}]},{\"@type\":\"WebSite\",\"@id\":\"https:\/\/www.osianto.de\/#website\",\"url\":\"https:\/\/www.osianto.de\/\",\"name\":\"OSIANTO \u2013 GAMP 5-validierte E-Learning-Plattform f\u00fcr die Pharmaindustrie\",\"description\":\"Schulungsl\u00f6sung f\u00fcr Pharmahersteller und -dienstleister\",\"publisher\":{\"@id\":\"https:\/\/www.osianto.de\/#organization\"},\"alternateName\":\"OSIANTO \u2013 E-Learning f\u00fcr Pharmaunternehmen\",\"potentialAction\":[{\"@type\":\"SearchAction\",\"target\":{\"@type\":\"EntryPoint\",\"urlTemplate\":\"https:\/\/www.osianto.de\/?s={search_term_string}\"},\"query-input\":{\"@type\":\"PropertyValueSpecification\",\"valueRequired\":true,\"valueName\":\"search_term_string\"}}],\"inLanguage\":\"de\"},{\"@type\":\"Organization\",\"@id\":\"https:\/\/www.osianto.de\/#organization\",\"name\":\"30 doradus media design GmbH\",\"url\":\"https:\/\/www.osianto.de\/\",\"logo\":{\"@type\":\"ImageObject\",\"inLanguage\":\"de\",\"@id\":\"https:\/\/www.osianto.de\/#\/schema\/logo\/image\/\",\"url\":\"https:\/\/www.osianto.de\/wp-content\/uploads\/2025\/06\/30doradus.png\",\"contentUrl\":\"https:\/\/www.osianto.de\/wp-content\/uploads\/2025\/06\/30doradus.png\",\"width\":2315,\"height\":468,\"caption\":\"30 doradus media design GmbH\"},\"image\":{\"@id\":\"https:\/\/www.osianto.de\/#\/schema\/logo\/image\/\"},\"sameAs\":[\"https:\/\/www.facebook.com\/Osianto.Digital.Learning\/\",\"https:\/\/x.com\/Osianto1\",\"http:\/\/instagram.com\/osianto_digital_learning\",\"http:\/\/linkedin.com\/company\/30-doradus-media-design-gmbh\"]}]}<\/script>\n<!-- \/ Yoast SEO plugin. -->","yoast_head_json":{"title":"Kontakt | OSIANTO \u2013 E-Learning f\u00fcr Pharmaunternehmen","description":"Fragen zu unserer Plattform OSIANTO oder Interesse an einer Demo? Kontaktieren Sie uns telefonisch oder per E-Mail.","robots":{"index":"index","follow":"follow","max-snippet":"max-snippet:-1","max-image-preview":"max-image-preview:large","max-video-preview":"max-video-preview:-1"},"canonical":"https:\/\/www.osianto.de\/index.php\/kontakt\/","og_locale":"de_DE","og_type":"article","og_title":"Kontakt | OSIANTO \u2013 E-Learning f\u00fcr Pharmaunternehmen","og_description":"Fragen zu unserer Plattform OSIANTO oder Interesse an einer Demo? Kontaktieren Sie uns telefonisch oder per E-Mail.","og_url":"https:\/\/www.osianto.de\/index.php\/kontakt\/","og_site_name":"Osianto digital learning","article_publisher":"https:\/\/www.facebook.com\/Osianto.Digital.Learning\/","article_modified_time":"2025-08-08T10:23:13+00:00","og_image":[{"width":864,"height":460,"url":"https:\/\/www.osianto.de\/wp-content\/uploads\/2024\/03\/Osianto-Digital-Learning-Logo-Web-01.png","type":"image\/png"}],"twitter_card":"summary_large_image","twitter_site":"@Osianto1","twitter_misc":{"Gesch\u00e4tzte Lesezeit":"1\u00a0Minute"},"schema":{"@context":"https:\/\/schema.org","@graph":[{"@type":"WebPage","@id":"https:\/\/www.osianto.de\/index.php\/kontakt\/","url":"https:\/\/www.osianto.de\/index.php\/kontakt\/","name":"Kontakt | OSIANTO \u2013 E-Learning f\u00fcr Pharmaunternehmen","isPartOf":{"@id":"https:\/\/www.osianto.de\/#website"},"datePublished":"2025-04-24T22:00:32+00:00","dateModified":"2025-08-08T10:23:13+00:00","description":"Fragen zu unserer Plattform OSIANTO oder Interesse an einer Demo? Kontaktieren Sie uns telefonisch oder per E-Mail.","breadcrumb":{"@id":"https:\/\/www.osianto.de\/index.php\/kontakt\/#breadcrumb"},"inLanguage":"de","potentialAction":[{"@type":"ReadAction","target":["https:\/\/www.osianto.de\/index.php\/kontakt\/"]}]},{"@type":"BreadcrumbList","@id":"https:\/\/www.osianto.de\/index.php\/kontakt\/#breadcrumb","itemListElement":[{"@type":"ListItem","position":1,"name":"Startseite","item":"https:\/\/www.osianto.de\/index.php\/startseite\/"},{"@type":"ListItem","position":2,"name":"Kontakt"}]},{"@type":"WebSite","@id":"https:\/\/www.osianto.de\/#website","url":"https:\/\/www.osianto.de\/","name":"OSIANTO \u2013 GAMP 5-validierte E-Learning-Plattform f\u00fcr die Pharmaindustrie","description":"Schulungsl\u00f6sung f\u00fcr Pharmahersteller und -dienstleister","publisher":{"@id":"https:\/\/www.osianto.de\/#organization"},"alternateName":"OSIANTO \u2013 E-Learning f\u00fcr Pharmaunternehmen","potentialAction":[{"@type":"SearchAction","target":{"@type":"EntryPoint","urlTemplate":"https:\/\/www.osianto.de\/?s={search_term_string}"},"query-input":{"@type":"PropertyValueSpecification","valueRequired":true,"valueName":"search_term_string"}}],"inLanguage":"de"},{"@type":"Organization","@id":"https:\/\/www.osianto.de\/#organization","name":"30 doradus media design GmbH","url":"https:\/\/www.osianto.de\/","logo":{"@type":"ImageObject","inLanguage":"de","@id":"https:\/\/www.osianto.de\/#\/schema\/logo\/image\/","url":"https:\/\/www.osianto.de\/wp-content\/uploads\/2025\/06\/30doradus.png","contentUrl":"https:\/\/www.osianto.de\/wp-content\/uploads\/2025\/06\/30doradus.png","width":2315,"height":468,"caption":"30 doradus media design GmbH"},"image":{"@id":"https:\/\/www.osianto.de\/#\/schema\/logo\/image\/"},"sameAs":["https:\/\/www.facebook.com\/Osianto.Digital.Learning\/","https:\/\/x.com\/Osianto1","http:\/\/instagram.com\/osianto_digital_learning","http:\/\/linkedin.com\/company\/30-doradus-media-design-gmbh"]}]}},"_links":{"self":[{"href":"https:\/\/www.osianto.de\/index.php\/wp-json\/wp\/v2\/pages\/3703","targetHints":{"allow":["GET"]}}],"collection":[{"href":"https:\/\/www.osianto.de\/index.php\/wp-json\/wp\/v2\/pages"}],"about":[{"href":"https:\/\/www.osianto.de\/index.php\/wp-json\/wp\/v2\/types\/page"}],"author":[{"embeddable":true,"href":"https:\/\/www.osianto.de\/index.php\/wp-json\/wp\/v2\/users\/3"}],"replies":[{"embeddable":true,"href":"https:\/\/www.osianto.de\/index.php\/wp-json\/wp\/v2\/comments?post=3703"}],"version-history":[{"count":16,"href":"https:\/\/www.osianto.de\/index.php\/wp-json\/wp\/v2\/pages\/3703\/revisions"}],"predecessor-version":[{"id":5970,"href":"https:\/\/www.osianto.de\/index.php\/wp-json\/wp\/v2\/pages\/3703\/revisions\/5970"}],"wp:attachment":[{"href":"https:\/\/www.osianto.de\/index.php\/wp-json\/wp\/v2\/media?parent=3703"}],"curies":[{"name":"wp","href":"https:\/\/api.w.org\/{rel}","templated":true}]}}