{"id":4203,"date":"2025-04-25T00:00:04","date_gmt":"2025-04-24T22:00:04","guid":{"rendered":"https:\/\/www.osianto.de\/index.php\/company-information\/"},"modified":"2025-08-08T12:40:52","modified_gmt":"2025-08-08T10:40:52","slug":"company-information","status":"publish","type":"page","link":"https:\/\/www.osianto.de\/index.php\/legal-matters\/company-information\/?lang=en","title":{"rendered":"Imprint"},"content":{"rendered":"<h2 id=\"impressum\"><strong>IMPRINT<\/strong><\/h2>\n<p>The web application <strong>OSIANTO<\/strong> and <strong>osianto.de<\/strong> is an offer of the  <\/p>\n<h4 id=\"-doradus-media-design-gmbh\"><strong>30 doradus media design gmbh<\/strong><\/h4>\n<p>Niederstr. 29<br \/>\n40789 Monheim<\/p>\n<p>Phone: +49 (0)2173 109267-0<\/p>\n<p>E-mail: <span class=\"plugin_link\"><a href=\"mailto:info@osianto.de\" target=\"_blank\" rel=\"noopener\">info@osianto.de<br \/>\n<\/a><\/span>Internet: <a href=\"http:\/\/www.30doradus.de\/\" target=\"_blank\" rel=\"noopener\">www.30doradus.de<\/a><\/p>\n<p>Register court: Local court D\u00fcsseldorf<br \/>\nRegister number: HRB 57952<br \/>\nManaging director authorised to represent the company: J\u00fcrgen Osterberg<br \/>\nRegistered office of the company: Monheim<\/p>\n<p>Sales tax ID: DE258905248<\/p>\n<p>Responsible for content in accordance with Section 55 Para. 2 RStV: J\u00fcrgen Osterberg (address as above)<\/p>\n","protected":false},"excerpt":{"rendered":"<p>IMPRINT The web application OSIANTO and osianto.de is an offer of the 30 doradus media design gmbh Niederstr. 29 40789 Monheim Phone: +49 (0)2173 109267-0 E-mail: info@osianto.de Internet: www.30doradus.de Register court: Local court D\u00fcsseldorf Register number: HRB 57952 Managing director authorised to represent the company: J\u00fcrgen Osterberg Registered office of the company: Monheim Sales tax [&hellip;]<\/p>\n","protected":false},"author":3,"featured_media":0,"parent":4568,"menu_order":0,"comment_status":"closed","ping_status":"closed","template":"","meta":{"_themeisle_gutenberg_block_has_review":false,"footnotes":""},"class_list":["post-4203","page","type-page","status-publish","hentry"],"yoast_head":"<!-- This site is optimized with the Yoast SEO plugin v24.9 - https:\/\/yoast.com\/wordpress\/plugins\/seo\/ -->\n<title>Imprint | OSIANTO \u2013 E-learning for pharmaceutical companies<\/title>\n<meta name=\"description\" content=\"On the following page, you will find information about OSIANTO, the provider of the GAMP5-validated e-learning solution for pharmaceutical companies.\" \/>\n<meta name=\"robots\" content=\"index, follow, max-snippet:-1, max-image-preview:large, max-video-preview:-1\" \/>\n<link rel=\"canonical\" href=\"https:\/\/www.osianto.de\/index.php\/legal-matters\/company-information\/\" \/>\n<meta property=\"og:locale\" content=\"de_DE\" \/>\n<meta property=\"og:type\" content=\"article\" \/>\n<meta property=\"og:title\" content=\"Imprint | OSIANTO \u2013 E-learning for pharmaceutical companies\" \/>\n<meta property=\"og:description\" content=\"On the following page, you will find information about OSIANTO, the provider of the GAMP5-validated e-learning solution for pharmaceutical companies.\" \/>\n<meta property=\"og:url\" content=\"https:\/\/www.osianto.de\/index.php\/legal-matters\/company-information\/?lang=en\" \/>\n<meta property=\"og:site_name\" content=\"Osianto digital learning\" \/>\n<meta property=\"article:publisher\" content=\"https:\/\/www.facebook.com\/Osianto.Digital.Learning\/\" \/>\n<meta property=\"article:modified_time\" content=\"2025-08-08T10:40:52+00:00\" \/>\n<meta property=\"og:image\" content=\"https:\/\/www.osianto.de\/wp-content\/uploads\/2024\/03\/Osianto-Digital-Learning-Logo-Web-01.png\" \/>\n\t<meta property=\"og:image:width\" content=\"864\" \/>\n\t<meta property=\"og:image:height\" content=\"460\" \/>\n\t<meta property=\"og:image:type\" content=\"image\/png\" \/>\n<meta name=\"twitter:card\" content=\"summary_large_image\" \/>\n<meta name=\"twitter:site\" content=\"@Osianto1\" \/>\n<meta name=\"twitter:label1\" content=\"Gesch\u00e4tzte Lesezeit\" \/>\n\t<meta name=\"twitter:data1\" content=\"1\u00a0Minute\" \/>\n<script type=\"application\/ld+json\" class=\"yoast-schema-graph\">{\"@context\":\"https:\/\/schema.org\",\"@graph\":[{\"@type\":\"WebPage\",\"@id\":\"https:\/\/www.osianto.de\/index.php\/legal-matters\/company-information\/?lang=en\",\"url\":\"https:\/\/www.osianto.de\/index.php\/legal-matters\/company-information\/?lang=en\",\"name\":\"Imprint | OSIANTO \u2013 E-learning for pharmaceutical companies\",\"isPartOf\":{\"@id\":\"https:\/\/www.osianto.de\/#website\"},\"datePublished\":\"2025-04-24T22:00:04+00:00\",\"dateModified\":\"2025-08-08T10:40:52+00:00\",\"description\":\"On the following page, you will find information about OSIANTO, the provider of the GAMP5-validated e-learning solution for pharmaceutical companies.\",\"breadcrumb\":{\"@id\":\"https:\/\/www.osianto.de\/index.php\/legal-matters\/company-information\/?lang=en#breadcrumb\"},\"inLanguage\":\"de\",\"potentialAction\":[{\"@type\":\"ReadAction\",\"target\":[\"https:\/\/www.osianto.de\/index.php\/legal-matters\/company-information\/?lang=en\"]}]},{\"@type\":\"BreadcrumbList\",\"@id\":\"https:\/\/www.osianto.de\/index.php\/legal-matters\/company-information\/?lang=en#breadcrumb\",\"itemListElement\":[{\"@type\":\"ListItem\",\"position\":1,\"name\":\"Startseite\",\"item\":\"https:\/\/www.osianto.de\/index.php\/startseite\/\"},{\"@type\":\"ListItem\",\"position\":2,\"name\":\"Legal matters\",\"item\":\"https:\/\/www.osianto.de\/index.php\/legal-matters\/\"},{\"@type\":\"ListItem\",\"position\":3,\"name\":\"Imprint\"}]},{\"@type\":\"WebSite\",\"@id\":\"https:\/\/www.osianto.de\/#website\",\"url\":\"https:\/\/www.osianto.de\/\",\"name\":\"OSIANTO \u2013 GAMP 5-validierte E-Learning-Plattform f\u00fcr die Pharmaindustrie\",\"description\":\"Schulungsl\u00f6sung f\u00fcr Pharmahersteller und -dienstleister\",\"publisher\":{\"@id\":\"https:\/\/www.osianto.de\/#organization\"},\"alternateName\":\"OSIANTO \u2013 E-Learning f\u00fcr Pharmaunternehmen\",\"potentialAction\":[{\"@type\":\"SearchAction\",\"target\":{\"@type\":\"EntryPoint\",\"urlTemplate\":\"https:\/\/www.osianto.de\/?s={search_term_string}\"},\"query-input\":{\"@type\":\"PropertyValueSpecification\",\"valueRequired\":true,\"valueName\":\"search_term_string\"}}],\"inLanguage\":\"de\"},{\"@type\":\"Organization\",\"@id\":\"https:\/\/www.osianto.de\/#organization\",\"name\":\"30 doradus media design GmbH\",\"url\":\"https:\/\/www.osianto.de\/\",\"logo\":{\"@type\":\"ImageObject\",\"inLanguage\":\"de\",\"@id\":\"https:\/\/www.osianto.de\/#\/schema\/logo\/image\/\",\"url\":\"https:\/\/www.osianto.de\/wp-content\/uploads\/2025\/06\/30doradus.png\",\"contentUrl\":\"https:\/\/www.osianto.de\/wp-content\/uploads\/2025\/06\/30doradus.png\",\"width\":2315,\"height\":468,\"caption\":\"30 doradus media design GmbH\"},\"image\":{\"@id\":\"https:\/\/www.osianto.de\/#\/schema\/logo\/image\/\"},\"sameAs\":[\"https:\/\/www.facebook.com\/Osianto.Digital.Learning\/\",\"https:\/\/x.com\/Osianto1\",\"http:\/\/instagram.com\/osianto_digital_learning\",\"http:\/\/linkedin.com\/company\/30-doradus-media-design-gmbh\"]}]}<\/script>\n<!-- \/ Yoast SEO plugin. -->","yoast_head_json":{"title":"Imprint | OSIANTO \u2013 E-learning for pharmaceutical companies","description":"On the following page, you will find information about OSIANTO, the provider of the GAMP5-validated e-learning solution for pharmaceutical companies.","robots":{"index":"index","follow":"follow","max-snippet":"max-snippet:-1","max-image-preview":"max-image-preview:large","max-video-preview":"max-video-preview:-1"},"canonical":"https:\/\/www.osianto.de\/index.php\/legal-matters\/company-information\/","og_locale":"de_DE","og_type":"article","og_title":"Imprint | OSIANTO \u2013 E-learning for pharmaceutical companies","og_description":"On the following page, you will find information about OSIANTO, the provider of the GAMP5-validated e-learning solution for pharmaceutical companies.","og_url":"https:\/\/www.osianto.de\/index.php\/legal-matters\/company-information\/?lang=en","og_site_name":"Osianto digital learning","article_publisher":"https:\/\/www.facebook.com\/Osianto.Digital.Learning\/","article_modified_time":"2025-08-08T10:40:52+00:00","og_image":[{"width":864,"height":460,"url":"https:\/\/www.osianto.de\/wp-content\/uploads\/2024\/03\/Osianto-Digital-Learning-Logo-Web-01.png","type":"image\/png"}],"twitter_card":"summary_large_image","twitter_site":"@Osianto1","twitter_misc":{"Gesch\u00e4tzte Lesezeit":"1\u00a0Minute"},"schema":{"@context":"https:\/\/schema.org","@graph":[{"@type":"WebPage","@id":"https:\/\/www.osianto.de\/index.php\/legal-matters\/company-information\/?lang=en","url":"https:\/\/www.osianto.de\/index.php\/legal-matters\/company-information\/?lang=en","name":"Imprint | OSIANTO \u2013 E-learning for pharmaceutical companies","isPartOf":{"@id":"https:\/\/www.osianto.de\/#website"},"datePublished":"2025-04-24T22:00:04+00:00","dateModified":"2025-08-08T10:40:52+00:00","description":"On the following page, you will find information about OSIANTO, the provider of the GAMP5-validated e-learning solution for pharmaceutical companies.","breadcrumb":{"@id":"https:\/\/www.osianto.de\/index.php\/legal-matters\/company-information\/?lang=en#breadcrumb"},"inLanguage":"de","potentialAction":[{"@type":"ReadAction","target":["https:\/\/www.osianto.de\/index.php\/legal-matters\/company-information\/?lang=en"]}]},{"@type":"BreadcrumbList","@id":"https:\/\/www.osianto.de\/index.php\/legal-matters\/company-information\/?lang=en#breadcrumb","itemListElement":[{"@type":"ListItem","position":1,"name":"Startseite","item":"https:\/\/www.osianto.de\/index.php\/startseite\/"},{"@type":"ListItem","position":2,"name":"Legal matters","item":"https:\/\/www.osianto.de\/index.php\/legal-matters\/"},{"@type":"ListItem","position":3,"name":"Imprint"}]},{"@type":"WebSite","@id":"https:\/\/www.osianto.de\/#website","url":"https:\/\/www.osianto.de\/","name":"OSIANTO \u2013 GAMP 5-validierte E-Learning-Plattform f\u00fcr die Pharmaindustrie","description":"Schulungsl\u00f6sung f\u00fcr Pharmahersteller und -dienstleister","publisher":{"@id":"https:\/\/www.osianto.de\/#organization"},"alternateName":"OSIANTO \u2013 E-Learning f\u00fcr Pharmaunternehmen","potentialAction":[{"@type":"SearchAction","target":{"@type":"EntryPoint","urlTemplate":"https:\/\/www.osianto.de\/?s={search_term_string}"},"query-input":{"@type":"PropertyValueSpecification","valueRequired":true,"valueName":"search_term_string"}}],"inLanguage":"de"},{"@type":"Organization","@id":"https:\/\/www.osianto.de\/#organization","name":"30 doradus media design GmbH","url":"https:\/\/www.osianto.de\/","logo":{"@type":"ImageObject","inLanguage":"de","@id":"https:\/\/www.osianto.de\/#\/schema\/logo\/image\/","url":"https:\/\/www.osianto.de\/wp-content\/uploads\/2025\/06\/30doradus.png","contentUrl":"https:\/\/www.osianto.de\/wp-content\/uploads\/2025\/06\/30doradus.png","width":2315,"height":468,"caption":"30 doradus media design GmbH"},"image":{"@id":"https:\/\/www.osianto.de\/#\/schema\/logo\/image\/"},"sameAs":["https:\/\/www.facebook.com\/Osianto.Digital.Learning\/","https:\/\/x.com\/Osianto1","http:\/\/instagram.com\/osianto_digital_learning","http:\/\/linkedin.com\/company\/30-doradus-media-design-gmbh"]}]}},"_links":{"self":[{"href":"https:\/\/www.osianto.de\/index.php\/wp-json\/wp\/v2\/pages\/4203","targetHints":{"allow":["GET"]}}],"collection":[{"href":"https:\/\/www.osianto.de\/index.php\/wp-json\/wp\/v2\/pages"}],"about":[{"href":"https:\/\/www.osianto.de\/index.php\/wp-json\/wp\/v2\/types\/page"}],"author":[{"embeddable":true,"href":"https:\/\/www.osianto.de\/index.php\/wp-json\/wp\/v2\/users\/3"}],"replies":[{"embeddable":true,"href":"https:\/\/www.osianto.de\/index.php\/wp-json\/wp\/v2\/comments?post=4203"}],"version-history":[{"count":18,"href":"https:\/\/www.osianto.de\/index.php\/wp-json\/wp\/v2\/pages\/4203\/revisions"}],"predecessor-version":[{"id":6038,"href":"https:\/\/www.osianto.de\/index.php\/wp-json\/wp\/v2\/pages\/4203\/revisions\/6038"}],"up":[{"embeddable":true,"href":"https:\/\/www.osianto.de\/index.php\/wp-json\/wp\/v2\/pages\/4568"}],"wp:attachment":[{"href":"https:\/\/www.osianto.de\/index.php\/wp-json\/wp\/v2\/media?parent=4203"}],"curies":[{"name":"wp","href":"https:\/\/api.w.org\/{rel}","templated":true}]}}