{"id":4562,"date":"2025-04-25T00:00:49","date_gmt":"2025-04-24T22:00:49","guid":{"rendered":"https:\/\/www.osianto.de\/?page_id=4562"},"modified":"2025-08-08T12:14:26","modified_gmt":"2025-08-08T10:14:26","slug":"rechtliches","status":"publish","type":"page","link":"https:\/\/www.osianto.de\/index.php\/rechtliches\/","title":{"rendered":"Rechtliches"},"content":{"rendered":"<section  class='av_textblock_section av-ma2f8ua5-17c64a65c79fc7439009f2a4f6372197 '   itemscope=\"itemscope\" itemtype=\"https:\/\/schema.org\/CreativeWork\" ><div class='avia_textblock'  itemprop=\"text\" ><h2 id=\"auf-den-folgenden-seiten-finde\">Auf den folgenden Seiten finden Sie wichtige <strong>rechtliche Informationen<\/strong>.<\/h2>\n<\/div><\/section>\n<div  class='hr av-ma2fp524-08d1607c7a81ff9df0efb45c613eb7fb hr-short  avia-builder-el-1  el_after_av_textblock  el_before_av_one_half  hr-center'><span class='hr-inner '><span class=\"hr-inner-style\"><\/span><\/span><\/div>\n<div  class='flex_column av-3k62wy-4687bbfed57d57879f93380540f602ee av_one_half  avia-builder-el-2  el_after_av_hr  el_before_av_one_half  first flex_column_div  '     ><section  class='av_textblock_section av-ma2ft5mx-f42ff0da6cb95b00b5e8f699740691e7 '   itemscope=\"itemscope\" itemtype=\"https:\/\/schema.org\/CreativeWork\" ><div class='avia_textblock'  itemprop=\"text\" ><h2 id=\"hier-gelangen-sie-zu-unserem\" style=\"text-align: center;\">Hier gelangen Sie zu unserem<\/h2>\n<\/div><\/section><br \/>\n\n<style type=\"text\/css\" data-created_by=\"avia_inline_auto\" id=\"style-css-av-mcahg34e-ac12ccaad1081644885779e2cad575a5\">\n#top .hr.hr-invisible.av-mcahg34e-ac12ccaad1081644885779e2cad575a5{\nheight:5px;\n}\n<\/style>\n<div  class='hr av-mcahg34e-ac12ccaad1081644885779e2cad575a5 hr-invisible  avia-builder-el-4  el_after_av_textblock  el_before_av_button '><span class='hr-inner '><span class=\"hr-inner-style\"><\/span><\/span><\/div><br \/>\n<div  class='avia-button-wrap av-ma2fraze-988ea2bfe8f852ae9a4d89edb8378bef-wrap avia-button-center  avia-builder-el-5  el_after_av_hr  avia-builder-el-last '><a href='https:\/\/www.osianto.de\/index.php\/rechtliches\/datenschutz\/'  class='avia-button av-ma2fraze-988ea2bfe8f852ae9a4d89edb8378bef av-link-btn avia-icon_select-no avia-size-large avia-position-center avia-color-theme-color'   aria-label=\"Datenschutz\"><span class='avia_iconbox_title' >Datenschutz<\/span><\/a><\/div><\/p><\/div><div  class='flex_column av-31jn42-4fb569ee94f25f78675fb3cba501b60b av_one_half  avia-builder-el-6  el_after_av_one_half  avia-builder-el-last  flex_column_div  '     ><section  class='av_textblock_section av-ma2ftmtf-0809be67fa48079df83c266a09cd233b '   itemscope=\"itemscope\" itemtype=\"https:\/\/schema.org\/CreativeWork\" ><div class='avia_textblock'  itemprop=\"text\" ><h2 id=\"hier-finden-sie-unser\" style=\"text-align: center;\">Hier finden Sie unser<\/h2>\n<\/div><\/section><br \/>\n\n<style type=\"text\/css\" data-created_by=\"avia_inline_auto\" id=\"style-css-av-av_hr-2559b530a455e08c5929d2fe6df7aedb\">\n#top .hr.hr-invisible.av-av_hr-2559b530a455e08c5929d2fe6df7aedb{\nheight:5px;\n}\n<\/style>\n<div  class='hr av-av_hr-2559b530a455e08c5929d2fe6df7aedb hr-invisible  avia-builder-el-8  el_after_av_textblock  el_before_av_button '><span class='hr-inner '><span class=\"hr-inner-style\"><\/span><\/span><\/div><br \/>\n<div  class='avia-button-wrap av-ma2fsaav-7a1d8ac04042faa15c98434aee5787cd-wrap avia-button-center  avia-builder-el-9  el_after_av_hr  avia-builder-el-last '><a href='https:\/\/www.osianto.de\/index.php\/rechtliches\/impressum\/'  class='avia-button av-ma2fsaav-7a1d8ac04042faa15c98434aee5787cd av-link-btn avia-icon_select-no avia-size-large avia-position-center avia-color-theme-color'   aria-label=\"Impressum\"><span class='avia_iconbox_title' >Impressum<\/span><\/a><\/div><\/p><\/div><\/p>\n","protected":false},"excerpt":{"rendered":"","protected":false},"author":3,"featured_media":0,"parent":0,"menu_order":0,"comment_status":"closed","ping_status":"closed","template":"","meta":{"_themeisle_gutenberg_block_has_review":false,"footnotes":""},"class_list":["post-4562","page","type-page","status-publish","hentry"],"yoast_head":"<!-- This site is optimized with the Yoast SEO plugin v24.9 - https:\/\/yoast.com\/wordpress\/plugins\/seo\/ -->\n<title>Rechtliches | OSIANTO \u2013 E-Learning f\u00fcr Pharmaunternehmen<\/title>\n<meta name=\"description\" content=\"Rechtliche Informationen wie Impressum sowie Datenschutzerkl\u00e4rung zu unserer GAMP5-validierten E-Learning-L\u00f6sung f\u00fcr Pharmaunternehmen.\" \/>\n<meta name=\"robots\" content=\"index, follow, max-snippet:-1, max-image-preview:large, max-video-preview:-1\" \/>\n<link rel=\"canonical\" href=\"https:\/\/www.osianto.de\/index.php\/rechtliches\/\" \/>\n<meta property=\"og:locale\" content=\"de_DE\" \/>\n<meta property=\"og:type\" content=\"article\" \/>\n<meta property=\"og:title\" content=\"Rechtliches | OSIANTO \u2013 E-Learning f\u00fcr Pharmaunternehmen\" \/>\n<meta property=\"og:description\" content=\"Rechtliche Informationen wie Impressum sowie Datenschutzerkl\u00e4rung zu unserer GAMP5-validierten E-Learning-L\u00f6sung f\u00fcr Pharmaunternehmen.\" \/>\n<meta property=\"og:url\" content=\"https:\/\/www.osianto.de\/index.php\/rechtliches\/\" \/>\n<meta property=\"og:site_name\" content=\"Osianto digital learning\" \/>\n<meta property=\"article:publisher\" content=\"https:\/\/www.facebook.com\/Osianto.Digital.Learning\/\" \/>\n<meta property=\"article:modified_time\" content=\"2025-08-08T10:14:26+00:00\" \/>\n<meta property=\"og:image\" content=\"https:\/\/www.osianto.de\/wp-content\/uploads\/2024\/03\/Osianto-Digital-Learning-Logo-Web-01.png\" \/>\n\t<meta property=\"og:image:width\" content=\"864\" \/>\n\t<meta property=\"og:image:height\" content=\"460\" \/>\n\t<meta property=\"og:image:type\" content=\"image\/png\" \/>\n<meta name=\"twitter:card\" content=\"summary_large_image\" \/>\n<meta name=\"twitter:site\" content=\"@Osianto1\" \/>\n<meta name=\"twitter:label1\" content=\"Gesch\u00e4tzte Lesezeit\" \/>\n\t<meta name=\"twitter:data1\" content=\"1\u00a0Minute\" \/>\n<script type=\"application\/ld+json\" class=\"yoast-schema-graph\">{\"@context\":\"https:\/\/schema.org\",\"@graph\":[{\"@type\":\"WebPage\",\"@id\":\"https:\/\/www.osianto.de\/index.php\/rechtliches\/\",\"url\":\"https:\/\/www.osianto.de\/index.php\/rechtliches\/\",\"name\":\"Rechtliches | OSIANTO \u2013 E-Learning f\u00fcr Pharmaunternehmen\",\"isPartOf\":{\"@id\":\"https:\/\/www.osianto.de\/#website\"},\"datePublished\":\"2025-04-24T22:00:49+00:00\",\"dateModified\":\"2025-08-08T10:14:26+00:00\",\"description\":\"Rechtliche Informationen wie Impressum sowie Datenschutzerkl\u00e4rung zu unserer GAMP5-validierten E-Learning-L\u00f6sung f\u00fcr Pharmaunternehmen.\",\"breadcrumb\":{\"@id\":\"https:\/\/www.osianto.de\/index.php\/rechtliches\/#breadcrumb\"},\"inLanguage\":\"de\",\"potentialAction\":[{\"@type\":\"ReadAction\",\"target\":[\"https:\/\/www.osianto.de\/index.php\/rechtliches\/\"]}]},{\"@type\":\"BreadcrumbList\",\"@id\":\"https:\/\/www.osianto.de\/index.php\/rechtliches\/#breadcrumb\",\"itemListElement\":[{\"@type\":\"ListItem\",\"position\":1,\"name\":\"Startseite\",\"item\":\"https:\/\/www.osianto.de\/index.php\/startseite\/\"},{\"@type\":\"ListItem\",\"position\":2,\"name\":\"Rechtliches\"}]},{\"@type\":\"WebSite\",\"@id\":\"https:\/\/www.osianto.de\/#website\",\"url\":\"https:\/\/www.osianto.de\/\",\"name\":\"OSIANTO \u2013 GAMP 5-validierte E-Learning-Plattform f\u00fcr die Pharmaindustrie\",\"description\":\"Schulungsl\u00f6sung f\u00fcr Pharmahersteller und -dienstleister\",\"publisher\":{\"@id\":\"https:\/\/www.osianto.de\/#organization\"},\"alternateName\":\"OSIANTO \u2013 E-Learning f\u00fcr Pharmaunternehmen\",\"potentialAction\":[{\"@type\":\"SearchAction\",\"target\":{\"@type\":\"EntryPoint\",\"urlTemplate\":\"https:\/\/www.osianto.de\/?s={search_term_string}\"},\"query-input\":{\"@type\":\"PropertyValueSpecification\",\"valueRequired\":true,\"valueName\":\"search_term_string\"}}],\"inLanguage\":\"de\"},{\"@type\":\"Organization\",\"@id\":\"https:\/\/www.osianto.de\/#organization\",\"name\":\"30 doradus media design GmbH\",\"url\":\"https:\/\/www.osianto.de\/\",\"logo\":{\"@type\":\"ImageObject\",\"inLanguage\":\"de\",\"@id\":\"https:\/\/www.osianto.de\/#\/schema\/logo\/image\/\",\"url\":\"https:\/\/www.osianto.de\/wp-content\/uploads\/2025\/06\/30doradus.png\",\"contentUrl\":\"https:\/\/www.osianto.de\/wp-content\/uploads\/2025\/06\/30doradus.png\",\"width\":2315,\"height\":468,\"caption\":\"30 doradus media design GmbH\"},\"image\":{\"@id\":\"https:\/\/www.osianto.de\/#\/schema\/logo\/image\/\"},\"sameAs\":[\"https:\/\/www.facebook.com\/Osianto.Digital.Learning\/\",\"https:\/\/x.com\/Osianto1\",\"http:\/\/instagram.com\/osianto_digital_learning\",\"http:\/\/linkedin.com\/company\/30-doradus-media-design-gmbh\"]}]}<\/script>\n<!-- \/ Yoast SEO plugin. -->","yoast_head_json":{"title":"Rechtliches | OSIANTO \u2013 E-Learning f\u00fcr Pharmaunternehmen","description":"Rechtliche Informationen wie Impressum sowie Datenschutzerkl\u00e4rung zu unserer GAMP5-validierten E-Learning-L\u00f6sung f\u00fcr Pharmaunternehmen.","robots":{"index":"index","follow":"follow","max-snippet":"max-snippet:-1","max-image-preview":"max-image-preview:large","max-video-preview":"max-video-preview:-1"},"canonical":"https:\/\/www.osianto.de\/index.php\/rechtliches\/","og_locale":"de_DE","og_type":"article","og_title":"Rechtliches | OSIANTO \u2013 E-Learning f\u00fcr Pharmaunternehmen","og_description":"Rechtliche Informationen wie Impressum sowie Datenschutzerkl\u00e4rung zu unserer GAMP5-validierten E-Learning-L\u00f6sung f\u00fcr Pharmaunternehmen.","og_url":"https:\/\/www.osianto.de\/index.php\/rechtliches\/","og_site_name":"Osianto digital learning","article_publisher":"https:\/\/www.facebook.com\/Osianto.Digital.Learning\/","article_modified_time":"2025-08-08T10:14:26+00:00","og_image":[{"width":864,"height":460,"url":"https:\/\/www.osianto.de\/wp-content\/uploads\/2024\/03\/Osianto-Digital-Learning-Logo-Web-01.png","type":"image\/png"}],"twitter_card":"summary_large_image","twitter_site":"@Osianto1","twitter_misc":{"Gesch\u00e4tzte Lesezeit":"1\u00a0Minute"},"schema":{"@context":"https:\/\/schema.org","@graph":[{"@type":"WebPage","@id":"https:\/\/www.osianto.de\/index.php\/rechtliches\/","url":"https:\/\/www.osianto.de\/index.php\/rechtliches\/","name":"Rechtliches | OSIANTO \u2013 E-Learning f\u00fcr Pharmaunternehmen","isPartOf":{"@id":"https:\/\/www.osianto.de\/#website"},"datePublished":"2025-04-24T22:00:49+00:00","dateModified":"2025-08-08T10:14:26+00:00","description":"Rechtliche Informationen wie Impressum sowie Datenschutzerkl\u00e4rung zu unserer GAMP5-validierten E-Learning-L\u00f6sung f\u00fcr Pharmaunternehmen.","breadcrumb":{"@id":"https:\/\/www.osianto.de\/index.php\/rechtliches\/#breadcrumb"},"inLanguage":"de","potentialAction":[{"@type":"ReadAction","target":["https:\/\/www.osianto.de\/index.php\/rechtliches\/"]}]},{"@type":"BreadcrumbList","@id":"https:\/\/www.osianto.de\/index.php\/rechtliches\/#breadcrumb","itemListElement":[{"@type":"ListItem","position":1,"name":"Startseite","item":"https:\/\/www.osianto.de\/index.php\/startseite\/"},{"@type":"ListItem","position":2,"name":"Rechtliches"}]},{"@type":"WebSite","@id":"https:\/\/www.osianto.de\/#website","url":"https:\/\/www.osianto.de\/","name":"OSIANTO \u2013 GAMP 5-validierte E-Learning-Plattform f\u00fcr die Pharmaindustrie","description":"Schulungsl\u00f6sung f\u00fcr Pharmahersteller und -dienstleister","publisher":{"@id":"https:\/\/www.osianto.de\/#organization"},"alternateName":"OSIANTO \u2013 E-Learning f\u00fcr Pharmaunternehmen","potentialAction":[{"@type":"SearchAction","target":{"@type":"EntryPoint","urlTemplate":"https:\/\/www.osianto.de\/?s={search_term_string}"},"query-input":{"@type":"PropertyValueSpecification","valueRequired":true,"valueName":"search_term_string"}}],"inLanguage":"de"},{"@type":"Organization","@id":"https:\/\/www.osianto.de\/#organization","name":"30 doradus media design GmbH","url":"https:\/\/www.osianto.de\/","logo":{"@type":"ImageObject","inLanguage":"de","@id":"https:\/\/www.osianto.de\/#\/schema\/logo\/image\/","url":"https:\/\/www.osianto.de\/wp-content\/uploads\/2025\/06\/30doradus.png","contentUrl":"https:\/\/www.osianto.de\/wp-content\/uploads\/2025\/06\/30doradus.png","width":2315,"height":468,"caption":"30 doradus media design GmbH"},"image":{"@id":"https:\/\/www.osianto.de\/#\/schema\/logo\/image\/"},"sameAs":["https:\/\/www.facebook.com\/Osianto.Digital.Learning\/","https:\/\/x.com\/Osianto1","http:\/\/instagram.com\/osianto_digital_learning","http:\/\/linkedin.com\/company\/30-doradus-media-design-gmbh"]}]}},"_links":{"self":[{"href":"https:\/\/www.osianto.de\/index.php\/wp-json\/wp\/v2\/pages\/4562","targetHints":{"allow":["GET"]}}],"collection":[{"href":"https:\/\/www.osianto.de\/index.php\/wp-json\/wp\/v2\/pages"}],"about":[{"href":"https:\/\/www.osianto.de\/index.php\/wp-json\/wp\/v2\/types\/page"}],"author":[{"embeddable":true,"href":"https:\/\/www.osianto.de\/index.php\/wp-json\/wp\/v2\/users\/3"}],"replies":[{"embeddable":true,"href":"https:\/\/www.osianto.de\/index.php\/wp-json\/wp\/v2\/comments?post=4562"}],"version-history":[{"count":38,"href":"https:\/\/www.osianto.de\/index.php\/wp-json\/wp\/v2\/pages\/4562\/revisions"}],"predecessor-version":[{"id":5957,"href":"https:\/\/www.osianto.de\/index.php\/wp-json\/wp\/v2\/pages\/4562\/revisions\/5957"}],"wp:attachment":[{"href":"https:\/\/www.osianto.de\/index.php\/wp-json\/wp\/v2\/media?parent=4562"}],"curies":[{"name":"wp","href":"https:\/\/api.w.org\/{rel}","templated":true}]}}