{"id":4568,"date":"2025-04-25T00:00:16","date_gmt":"2025-04-24T22:00:16","guid":{"rendered":"https:\/\/www.osianto.de\/index.php\/legal-matters\/"},"modified":"2025-08-08T12:39:24","modified_gmt":"2025-08-08T10:39:24","slug":"legal-matters","status":"publish","type":"page","link":"https:\/\/www.osianto.de\/index.php\/legal-matters\/?lang=en","title":{"rendered":"Legal matters"},"content":{"rendered":"<section  class='av_textblock_section av-ma2f8ua5-17c64a65c79fc7439009f2a4f6372197 '   itemscope=\"itemscope\" itemtype=\"https:\/\/schema.org\/CreativeWork\" ><div class='avia_textblock'  itemprop=\"text\" ><h2>You will find important <strong>legal information<\/strong> on the following pages.<\/h2>\n<\/div><\/section>\n<div  class='hr av-ma2fp524-08d1607c7a81ff9df0efb45c613eb7fb hr-short  avia-builder-el-1  el_after_av_textblock  el_before_av_one_half  hr-center'><span class='hr-inner '><span class=\"hr-inner-style\"><\/span><\/span><\/div>\n<p><div  class='flex_column av-3k62wy-4687bbfed57d57879f93380540f602ee av_one_half  avia-builder-el-2  el_after_av_hr  el_before_av_one_half  first flex_column_div  '     ><section  class='av_textblock_section av-ma2ft5mx-f42ff0da6cb95b00b5e8f699740691e7 '   itemscope=\"itemscope\" itemtype=\"https:\/\/schema.org\/CreativeWork\" ><div class='avia_textblock'  itemprop=\"text\" ><h2 style=\"text-align: center;\">Here you get to our<\/h2>\n<\/div><\/section><br \/>\n\n<style type=\"text\/css\" data-created_by=\"avia_inline_auto\" id=\"style-css-av-mcahg34e-ac12ccaad1081644885779e2cad575a5\">\n#top .hr.hr-invisible.av-mcahg34e-ac12ccaad1081644885779e2cad575a5{\nheight:5px;\n}\n<\/style>\n<div  class='hr av-mcahg34e-ac12ccaad1081644885779e2cad575a5 hr-invisible  avia-builder-el-4  el_after_av_textblock  el_before_av_button '><span class='hr-inner '><span class=\"hr-inner-style\"><\/span><\/span><\/div><br \/>\n<div  class='avia-button-wrap av-ma2fraze-4062e140a0088e7dc46b73878d08b618-wrap avia-button-center  avia-builder-el-5  el_after_av_hr  avia-builder-el-last '><a href='https:\/\/www.osianto.de\/index.php\/legal-matters\/data-protection\/?lang=en'  class='avia-button av-ma2fraze-4062e140a0088e7dc46b73878d08b618 av-link-btn avia-icon_select-no avia-size-large avia-position-center avia-color-theme-color'   aria-label=\"Privacy Policy\"><span class='avia_iconbox_title' >Privacy Policy<\/span><\/a><\/div><\/p><\/div><div  class='flex_column av-31jn42-4fb569ee94f25f78675fb3cba501b60b av_one_half  avia-builder-el-6  el_after_av_one_half  avia-builder-el-last  flex_column_div  '     ><section  class='av_textblock_section av-ma2ftmtf-0809be67fa48079df83c266a09cd233b '   itemscope=\"itemscope\" itemtype=\"https:\/\/schema.org\/CreativeWork\" ><div class='avia_textblock'  itemprop=\"text\" ><h2 style=\"text-align: center;\">Here you will find our<\/h2>\n<\/div><\/section><br \/>\n\n<style type=\"text\/css\" data-created_by=\"avia_inline_auto\" id=\"style-css-av-2deq8y-e28735fbcc3c67c01e8e5fc41a8045c6\">\n#top .hr.hr-invisible.av-2deq8y-e28735fbcc3c67c01e8e5fc41a8045c6{\nheight:5px;\n}\n<\/style>\n<div  class='hr av-2deq8y-e28735fbcc3c67c01e8e5fc41a8045c6 hr-invisible  avia-builder-el-8  el_after_av_textblock  el_before_av_button '><span class='hr-inner '><span class=\"hr-inner-style\"><\/span><\/span><\/div><br \/>\n<div  class='avia-button-wrap av-ma2fsaav-24fb72020f03f0192a37dbacbae05e31-wrap avia-button-center  avia-builder-el-9  el_after_av_hr  avia-builder-el-last '><a href='https:\/\/www.osianto.de\/index.php\/legal-matters\/company-information\/?lang=en'  class='avia-button av-ma2fsaav-24fb72020f03f0192a37dbacbae05e31 av-link-btn avia-icon_select-no avia-size-large avia-position-center avia-color-theme-color'   aria-label=\"Imprint\"><span class='avia_iconbox_title' >Imprint<\/span><\/a><\/div><\/p><\/div><\/p>\n","protected":false},"excerpt":{"rendered":"","protected":false},"author":3,"featured_media":0,"parent":0,"menu_order":0,"comment_status":"closed","ping_status":"closed","template":"","meta":{"_themeisle_gutenberg_block_has_review":false,"footnotes":""},"class_list":["post-4568","page","type-page","status-publish","hentry"],"yoast_head":"<!-- This site is optimized with the Yoast SEO plugin v24.9 - https:\/\/yoast.com\/wordpress\/plugins\/seo\/ -->\n<title>Legal matters | OSIANTO \u2013 E-learning for pharmaceutical companies<\/title>\n<meta name=\"description\" content=\"Legal information such as imprint and privacy policy for our GAMP5-validated e-learning solution for pharmaceutical companies.\" \/>\n<meta name=\"robots\" content=\"index, follow, max-snippet:-1, max-image-preview:large, max-video-preview:-1\" \/>\n<link rel=\"canonical\" href=\"https:\/\/www.osianto.de\/index.php\/legal-matters\/\" \/>\n<meta property=\"og:locale\" content=\"de_DE\" \/>\n<meta property=\"og:type\" content=\"article\" \/>\n<meta property=\"og:title\" content=\"Legal matters | OSIANTO \u2013 E-learning for pharmaceutical companies\" \/>\n<meta property=\"og:description\" content=\"Legal information such as imprint and privacy policy for our GAMP5-validated e-learning solution for pharmaceutical companies.\" \/>\n<meta property=\"og:url\" content=\"https:\/\/www.osianto.de\/index.php\/legal-matters\/?lang=en\" \/>\n<meta property=\"og:site_name\" content=\"Osianto digital learning\" \/>\n<meta property=\"article:publisher\" content=\"https:\/\/www.facebook.com\/Osianto.Digital.Learning\/\" \/>\n<meta property=\"article:modified_time\" content=\"2025-08-08T10:39:24+00:00\" \/>\n<meta property=\"og:image\" content=\"https:\/\/www.osianto.de\/wp-content\/uploads\/2024\/03\/Osianto-Digital-Learning-Logo-Web-01.png\" \/>\n\t<meta property=\"og:image:width\" content=\"864\" \/>\n\t<meta property=\"og:image:height\" content=\"460\" \/>\n\t<meta property=\"og:image:type\" content=\"image\/png\" \/>\n<meta name=\"twitter:card\" content=\"summary_large_image\" \/>\n<meta name=\"twitter:site\" content=\"@Osianto1\" \/>\n<meta name=\"twitter:label1\" content=\"Gesch\u00e4tzte Lesezeit\" \/>\n\t<meta name=\"twitter:data1\" content=\"1\u00a0Minute\" \/>\n<script type=\"application\/ld+json\" class=\"yoast-schema-graph\">{\"@context\":\"https:\/\/schema.org\",\"@graph\":[{\"@type\":\"WebPage\",\"@id\":\"https:\/\/www.osianto.de\/index.php\/legal-matters\/?lang=en\",\"url\":\"https:\/\/www.osianto.de\/index.php\/legal-matters\/?lang=en\",\"name\":\"Legal matters | OSIANTO \u2013 E-learning for pharmaceutical companies\",\"isPartOf\":{\"@id\":\"https:\/\/www.osianto.de\/#website\"},\"datePublished\":\"2025-04-24T22:00:16+00:00\",\"dateModified\":\"2025-08-08T10:39:24+00:00\",\"description\":\"Legal information such as imprint and privacy policy for our GAMP5-validated e-learning solution for pharmaceutical companies.\",\"breadcrumb\":{\"@id\":\"https:\/\/www.osianto.de\/index.php\/legal-matters\/?lang=en#breadcrumb\"},\"inLanguage\":\"de\",\"potentialAction\":[{\"@type\":\"ReadAction\",\"target\":[\"https:\/\/www.osianto.de\/index.php\/legal-matters\/?lang=en\"]}]},{\"@type\":\"BreadcrumbList\",\"@id\":\"https:\/\/www.osianto.de\/index.php\/legal-matters\/?lang=en#breadcrumb\",\"itemListElement\":[{\"@type\":\"ListItem\",\"position\":1,\"name\":\"Startseite\",\"item\":\"https:\/\/www.osianto.de\/index.php\/startseite\/\"},{\"@type\":\"ListItem\",\"position\":2,\"name\":\"Legal matters\"}]},{\"@type\":\"WebSite\",\"@id\":\"https:\/\/www.osianto.de\/#website\",\"url\":\"https:\/\/www.osianto.de\/\",\"name\":\"OSIANTO \u2013 GAMP 5-validierte E-Learning-Plattform f\u00fcr die Pharmaindustrie\",\"description\":\"Schulungsl\u00f6sung f\u00fcr Pharmahersteller und -dienstleister\",\"publisher\":{\"@id\":\"https:\/\/www.osianto.de\/#organization\"},\"alternateName\":\"OSIANTO \u2013 E-Learning f\u00fcr Pharmaunternehmen\",\"potentialAction\":[{\"@type\":\"SearchAction\",\"target\":{\"@type\":\"EntryPoint\",\"urlTemplate\":\"https:\/\/www.osianto.de\/?s={search_term_string}\"},\"query-input\":{\"@type\":\"PropertyValueSpecification\",\"valueRequired\":true,\"valueName\":\"search_term_string\"}}],\"inLanguage\":\"de\"},{\"@type\":\"Organization\",\"@id\":\"https:\/\/www.osianto.de\/#organization\",\"name\":\"30 doradus media design GmbH\",\"url\":\"https:\/\/www.osianto.de\/\",\"logo\":{\"@type\":\"ImageObject\",\"inLanguage\":\"de\",\"@id\":\"https:\/\/www.osianto.de\/#\/schema\/logo\/image\/\",\"url\":\"https:\/\/www.osianto.de\/wp-content\/uploads\/2025\/06\/30doradus.png\",\"contentUrl\":\"https:\/\/www.osianto.de\/wp-content\/uploads\/2025\/06\/30doradus.png\",\"width\":2315,\"height\":468,\"caption\":\"30 doradus media design GmbH\"},\"image\":{\"@id\":\"https:\/\/www.osianto.de\/#\/schema\/logo\/image\/\"},\"sameAs\":[\"https:\/\/www.facebook.com\/Osianto.Digital.Learning\/\",\"https:\/\/x.com\/Osianto1\",\"http:\/\/instagram.com\/osianto_digital_learning\",\"http:\/\/linkedin.com\/company\/30-doradus-media-design-gmbh\"]}]}<\/script>\n<!-- \/ Yoast SEO plugin. -->","yoast_head_json":{"title":"Legal matters | OSIANTO \u2013 E-learning for pharmaceutical companies","description":"Legal information such as imprint and privacy policy for our GAMP5-validated e-learning solution for pharmaceutical companies.","robots":{"index":"index","follow":"follow","max-snippet":"max-snippet:-1","max-image-preview":"max-image-preview:large","max-video-preview":"max-video-preview:-1"},"canonical":"https:\/\/www.osianto.de\/index.php\/legal-matters\/","og_locale":"de_DE","og_type":"article","og_title":"Legal matters | OSIANTO \u2013 E-learning for pharmaceutical companies","og_description":"Legal information such as imprint and privacy policy for our GAMP5-validated e-learning solution for pharmaceutical companies.","og_url":"https:\/\/www.osianto.de\/index.php\/legal-matters\/?lang=en","og_site_name":"Osianto digital learning","article_publisher":"https:\/\/www.facebook.com\/Osianto.Digital.Learning\/","article_modified_time":"2025-08-08T10:39:24+00:00","og_image":[{"width":864,"height":460,"url":"https:\/\/www.osianto.de\/wp-content\/uploads\/2024\/03\/Osianto-Digital-Learning-Logo-Web-01.png","type":"image\/png"}],"twitter_card":"summary_large_image","twitter_site":"@Osianto1","twitter_misc":{"Gesch\u00e4tzte Lesezeit":"1\u00a0Minute"},"schema":{"@context":"https:\/\/schema.org","@graph":[{"@type":"WebPage","@id":"https:\/\/www.osianto.de\/index.php\/legal-matters\/?lang=en","url":"https:\/\/www.osianto.de\/index.php\/legal-matters\/?lang=en","name":"Legal matters | OSIANTO \u2013 E-learning for pharmaceutical companies","isPartOf":{"@id":"https:\/\/www.osianto.de\/#website"},"datePublished":"2025-04-24T22:00:16+00:00","dateModified":"2025-08-08T10:39:24+00:00","description":"Legal information such as imprint and privacy policy for our GAMP5-validated e-learning solution for pharmaceutical companies.","breadcrumb":{"@id":"https:\/\/www.osianto.de\/index.php\/legal-matters\/?lang=en#breadcrumb"},"inLanguage":"de","potentialAction":[{"@type":"ReadAction","target":["https:\/\/www.osianto.de\/index.php\/legal-matters\/?lang=en"]}]},{"@type":"BreadcrumbList","@id":"https:\/\/www.osianto.de\/index.php\/legal-matters\/?lang=en#breadcrumb","itemListElement":[{"@type":"ListItem","position":1,"name":"Startseite","item":"https:\/\/www.osianto.de\/index.php\/startseite\/"},{"@type":"ListItem","position":2,"name":"Legal matters"}]},{"@type":"WebSite","@id":"https:\/\/www.osianto.de\/#website","url":"https:\/\/www.osianto.de\/","name":"OSIANTO \u2013 GAMP 5-validierte E-Learning-Plattform f\u00fcr die Pharmaindustrie","description":"Schulungsl\u00f6sung f\u00fcr Pharmahersteller und -dienstleister","publisher":{"@id":"https:\/\/www.osianto.de\/#organization"},"alternateName":"OSIANTO \u2013 E-Learning f\u00fcr Pharmaunternehmen","potentialAction":[{"@type":"SearchAction","target":{"@type":"EntryPoint","urlTemplate":"https:\/\/www.osianto.de\/?s={search_term_string}"},"query-input":{"@type":"PropertyValueSpecification","valueRequired":true,"valueName":"search_term_string"}}],"inLanguage":"de"},{"@type":"Organization","@id":"https:\/\/www.osianto.de\/#organization","name":"30 doradus media design GmbH","url":"https:\/\/www.osianto.de\/","logo":{"@type":"ImageObject","inLanguage":"de","@id":"https:\/\/www.osianto.de\/#\/schema\/logo\/image\/","url":"https:\/\/www.osianto.de\/wp-content\/uploads\/2025\/06\/30doradus.png","contentUrl":"https:\/\/www.osianto.de\/wp-content\/uploads\/2025\/06\/30doradus.png","width":2315,"height":468,"caption":"30 doradus media design GmbH"},"image":{"@id":"https:\/\/www.osianto.de\/#\/schema\/logo\/image\/"},"sameAs":["https:\/\/www.facebook.com\/Osianto.Digital.Learning\/","https:\/\/x.com\/Osianto1","http:\/\/instagram.com\/osianto_digital_learning","http:\/\/linkedin.com\/company\/30-doradus-media-design-gmbh"]}]}},"_links":{"self":[{"href":"https:\/\/www.osianto.de\/index.php\/wp-json\/wp\/v2\/pages\/4568","targetHints":{"allow":["GET"]}}],"collection":[{"href":"https:\/\/www.osianto.de\/index.php\/wp-json\/wp\/v2\/pages"}],"about":[{"href":"https:\/\/www.osianto.de\/index.php\/wp-json\/wp\/v2\/types\/page"}],"author":[{"embeddable":true,"href":"https:\/\/www.osianto.de\/index.php\/wp-json\/wp\/v2\/users\/3"}],"replies":[{"embeddable":true,"href":"https:\/\/www.osianto.de\/index.php\/wp-json\/wp\/v2\/comments?post=4568"}],"version-history":[{"count":11,"href":"https:\/\/www.osianto.de\/index.php\/wp-json\/wp\/v2\/pages\/4568\/revisions"}],"predecessor-version":[{"id":5601,"href":"https:\/\/www.osianto.de\/index.php\/wp-json\/wp\/v2\/pages\/4568\/revisions\/5601"}],"wp:attachment":[{"href":"https:\/\/www.osianto.de\/index.php\/wp-json\/wp\/v2\/media?parent=4568"}],"curies":[{"name":"wp","href":"https:\/\/api.w.org\/{rel}","templated":true}]}}