{"id":5204,"date":"2025-04-28T15:48:50","date_gmt":"2025-04-28T13:48:50","guid":{"rendered":"https:\/\/www.osianto.de\/?page_id=5204"},"modified":"2025-04-29T12:18:36","modified_gmt":"2025-04-29T10:18:36","slug":"postkarte","status":"publish","type":"page","link":"https:\/\/www.osianto.de\/index.php\/postkarte\/","title":{"rendered":"Postkarte"},"content":{"rendered":"\t\t<meta http-equiv=\"refresh\" content=\"0; url=https:\/\/osianto.de\">\r\n\t\tPlease wait while you are redirected...or <a href=\"https:\/\/osianto.de\">Click Here<\/a> if you do not want to wait.\r\n\n","protected":false},"excerpt":{"rendered":"","protected":false},"author":1,"featured_media":0,"parent":0,"menu_order":0,"comment_status":"closed","ping_status":"closed","template":"","meta":{"_themeisle_gutenberg_block_has_review":false,"footnotes":""},"class_list":["post-5204","page","type-page","status-publish","hentry"],"yoast_head":"<!-- This site is optimized with the Yoast SEO plugin v24.9 - https:\/\/yoast.com\/wordpress\/plugins\/seo\/ -->\n<title>Postkarte | OSIANTO<\/title>\n<meta name=\"robots\" content=\"index, follow, max-snippet:-1, max-image-preview:large, max-video-preview:-1\" \/>\n<link rel=\"canonical\" href=\"https:\/\/www.osianto.de\/index.php\/postkarte\/\" \/>\n<meta property=\"og:locale\" content=\"de_DE\" \/>\n<meta property=\"og:type\" content=\"article\" \/>\n<meta property=\"og:title\" content=\"Postkarte | OSIANTO\" \/>\n<meta property=\"og:url\" content=\"https:\/\/www.osianto.de\/index.php\/postkarte\/\" \/>\n<meta property=\"og:site_name\" content=\"Osianto digital learning\" \/>\n<meta property=\"article:publisher\" content=\"https:\/\/www.facebook.com\/Osianto.Digital.Learning\/\" \/>\n<meta property=\"article:modified_time\" content=\"2025-04-29T10:18:36+00:00\" \/>\n<meta property=\"og:image\" content=\"https:\/\/www.osianto.de\/wp-content\/uploads\/2024\/03\/Osianto-Digital-Learning-Logo-Web-01.png\" \/>\n\t<meta property=\"og:image:width\" content=\"864\" \/>\n\t<meta property=\"og:image:height\" content=\"460\" \/>\n\t<meta property=\"og:image:type\" content=\"image\/png\" \/>\n<meta name=\"twitter:card\" content=\"summary_large_image\" \/>\n<meta name=\"twitter:site\" content=\"@Osianto1\" \/>\n<script type=\"application\/ld+json\" class=\"yoast-schema-graph\">{\"@context\":\"https:\/\/schema.org\",\"@graph\":[{\"@type\":\"WebPage\",\"@id\":\"https:\/\/www.osianto.de\/index.php\/postkarte\/\",\"url\":\"https:\/\/www.osianto.de\/index.php\/postkarte\/\",\"name\":\"Postkarte | OSIANTO\",\"isPartOf\":{\"@id\":\"https:\/\/www.osianto.de\/#website\"},\"datePublished\":\"2025-04-28T13:48:50+00:00\",\"dateModified\":\"2025-04-29T10:18:36+00:00\",\"breadcrumb\":{\"@id\":\"https:\/\/www.osianto.de\/index.php\/postkarte\/#breadcrumb\"},\"inLanguage\":\"de\",\"potentialAction\":[{\"@type\":\"ReadAction\",\"target\":[\"https:\/\/www.osianto.de\/index.php\/postkarte\/\"]}]},{\"@type\":\"BreadcrumbList\",\"@id\":\"https:\/\/www.osianto.de\/index.php\/postkarte\/#breadcrumb\",\"itemListElement\":[{\"@type\":\"ListItem\",\"position\":1,\"name\":\"Startseite\",\"item\":\"https:\/\/www.osianto.de\/index.php\/startseite\/\"},{\"@type\":\"ListItem\",\"position\":2,\"name\":\"Postkarte\"}]},{\"@type\":\"WebSite\",\"@id\":\"https:\/\/www.osianto.de\/#website\",\"url\":\"https:\/\/www.osianto.de\/\",\"name\":\"OSIANTO \u2013 GAMP 5-validierte E-Learning-Plattform f\u00fcr die Pharmaindustrie\",\"description\":\"Schulungsl\u00f6sung f\u00fcr Pharmahersteller und -dienstleister\",\"publisher\":{\"@id\":\"https:\/\/www.osianto.de\/#organization\"},\"alternateName\":\"OSIANTO \u2013 E-Learning f\u00fcr Pharmaunternehmen\",\"potentialAction\":[{\"@type\":\"SearchAction\",\"target\":{\"@type\":\"EntryPoint\",\"urlTemplate\":\"https:\/\/www.osianto.de\/?s={search_term_string}\"},\"query-input\":{\"@type\":\"PropertyValueSpecification\",\"valueRequired\":true,\"valueName\":\"search_term_string\"}}],\"inLanguage\":\"de\"},{\"@type\":\"Organization\",\"@id\":\"https:\/\/www.osianto.de\/#organization\",\"name\":\"30 doradus media design GmbH\",\"url\":\"https:\/\/www.osianto.de\/\",\"logo\":{\"@type\":\"ImageObject\",\"inLanguage\":\"de\",\"@id\":\"https:\/\/www.osianto.de\/#\/schema\/logo\/image\/\",\"url\":\"https:\/\/www.osianto.de\/wp-content\/uploads\/2025\/06\/30doradus.png\",\"contentUrl\":\"https:\/\/www.osianto.de\/wp-content\/uploads\/2025\/06\/30doradus.png\",\"width\":2315,\"height\":468,\"caption\":\"30 doradus media design GmbH\"},\"image\":{\"@id\":\"https:\/\/www.osianto.de\/#\/schema\/logo\/image\/\"},\"sameAs\":[\"https:\/\/www.facebook.com\/Osianto.Digital.Learning\/\",\"https:\/\/x.com\/Osianto1\",\"http:\/\/instagram.com\/osianto_digital_learning\",\"http:\/\/linkedin.com\/company\/30-doradus-media-design-gmbh\"]}]}<\/script>\n<!-- \/ Yoast SEO plugin. -->","yoast_head_json":{"title":"Postkarte | OSIANTO","robots":{"index":"index","follow":"follow","max-snippet":"max-snippet:-1","max-image-preview":"max-image-preview:large","max-video-preview":"max-video-preview:-1"},"canonical":"https:\/\/www.osianto.de\/index.php\/postkarte\/","og_locale":"de_DE","og_type":"article","og_title":"Postkarte | OSIANTO","og_url":"https:\/\/www.osianto.de\/index.php\/postkarte\/","og_site_name":"Osianto digital learning","article_publisher":"https:\/\/www.facebook.com\/Osianto.Digital.Learning\/","article_modified_time":"2025-04-29T10:18:36+00:00","og_image":[{"width":864,"height":460,"url":"https:\/\/www.osianto.de\/wp-content\/uploads\/2024\/03\/Osianto-Digital-Learning-Logo-Web-01.png","type":"image\/png"}],"twitter_card":"summary_large_image","twitter_site":"@Osianto1","schema":{"@context":"https:\/\/schema.org","@graph":[{"@type":"WebPage","@id":"https:\/\/www.osianto.de\/index.php\/postkarte\/","url":"https:\/\/www.osianto.de\/index.php\/postkarte\/","name":"Postkarte | OSIANTO","isPartOf":{"@id":"https:\/\/www.osianto.de\/#website"},"datePublished":"2025-04-28T13:48:50+00:00","dateModified":"2025-04-29T10:18:36+00:00","breadcrumb":{"@id":"https:\/\/www.osianto.de\/index.php\/postkarte\/#breadcrumb"},"inLanguage":"de","potentialAction":[{"@type":"ReadAction","target":["https:\/\/www.osianto.de\/index.php\/postkarte\/"]}]},{"@type":"BreadcrumbList","@id":"https:\/\/www.osianto.de\/index.php\/postkarte\/#breadcrumb","itemListElement":[{"@type":"ListItem","position":1,"name":"Startseite","item":"https:\/\/www.osianto.de\/index.php\/startseite\/"},{"@type":"ListItem","position":2,"name":"Postkarte"}]},{"@type":"WebSite","@id":"https:\/\/www.osianto.de\/#website","url":"https:\/\/www.osianto.de\/","name":"OSIANTO \u2013 GAMP 5-validierte E-Learning-Plattform f\u00fcr die Pharmaindustrie","description":"Schulungsl\u00f6sung f\u00fcr Pharmahersteller und -dienstleister","publisher":{"@id":"https:\/\/www.osianto.de\/#organization"},"alternateName":"OSIANTO \u2013 E-Learning f\u00fcr Pharmaunternehmen","potentialAction":[{"@type":"SearchAction","target":{"@type":"EntryPoint","urlTemplate":"https:\/\/www.osianto.de\/?s={search_term_string}"},"query-input":{"@type":"PropertyValueSpecification","valueRequired":true,"valueName":"search_term_string"}}],"inLanguage":"de"},{"@type":"Organization","@id":"https:\/\/www.osianto.de\/#organization","name":"30 doradus media design GmbH","url":"https:\/\/www.osianto.de\/","logo":{"@type":"ImageObject","inLanguage":"de","@id":"https:\/\/www.osianto.de\/#\/schema\/logo\/image\/","url":"https:\/\/www.osianto.de\/wp-content\/uploads\/2025\/06\/30doradus.png","contentUrl":"https:\/\/www.osianto.de\/wp-content\/uploads\/2025\/06\/30doradus.png","width":2315,"height":468,"caption":"30 doradus media design GmbH"},"image":{"@id":"https:\/\/www.osianto.de\/#\/schema\/logo\/image\/"},"sameAs":["https:\/\/www.facebook.com\/Osianto.Digital.Learning\/","https:\/\/x.com\/Osianto1","http:\/\/instagram.com\/osianto_digital_learning","http:\/\/linkedin.com\/company\/30-doradus-media-design-gmbh"]}]}},"_links":{"self":[{"href":"https:\/\/www.osianto.de\/index.php\/wp-json\/wp\/v2\/pages\/5204","targetHints":{"allow":["GET"]}}],"collection":[{"href":"https:\/\/www.osianto.de\/index.php\/wp-json\/wp\/v2\/pages"}],"about":[{"href":"https:\/\/www.osianto.de\/index.php\/wp-json\/wp\/v2\/types\/page"}],"author":[{"embeddable":true,"href":"https:\/\/www.osianto.de\/index.php\/wp-json\/wp\/v2\/users\/1"}],"replies":[{"embeddable":true,"href":"https:\/\/www.osianto.de\/index.php\/wp-json\/wp\/v2\/comments?post=5204"}],"version-history":[{"count":5,"href":"https:\/\/www.osianto.de\/index.php\/wp-json\/wp\/v2\/pages\/5204\/revisions"}],"predecessor-version":[{"id":6091,"href":"https:\/\/www.osianto.de\/index.php\/wp-json\/wp\/v2\/pages\/5204\/revisions\/6091"}],"wp:attachment":[{"href":"https:\/\/www.osianto.de\/index.php\/wp-json\/wp\/v2\/media?parent=5204"}],"curies":[{"name":"wp","href":"https:\/\/api.w.org\/{rel}","templated":true}]}}