{"id":5881,"date":"2025-04-25T00:00:19","date_gmt":"2025-04-24T22:00:19","guid":{"rendered":"https:\/\/www.osianto.de\/?page_id=5881"},"modified":"2026-01-20T13:41:03","modified_gmt":"2026-01-20T12:41:03","slug":"whitepaper-anfordern","status":"publish","type":"page","link":"https:\/\/www.osianto.de\/index.php\/kontakt\/whitepaper-anfordern\/","title":{"rendered":"Whitepaper anfordern"},"content":{"rendered":"<section  class='av_textblock_section av-m78zybvg-3ac7b8684f7d1f1ae59cd5c388253732 '   itemscope=\"itemscope\" itemtype=\"https:\/\/schema.org\/CreativeWork\" ><div class='avia_textblock'  itemprop=\"text\" ><h1 style=\"text-align: center;\">Whitepaper &#8222;E-Learning in Pharmaunternehmen: Flexibel, effizient und compliant&#8220; anfordern<\/h1>\n<\/div><\/section>\n<div  class='hr av-meb9czrp-8dd2e5ac45f7f167ee470da3b200e9f9 hr-short  avia-builder-el-1  el_after_av_textblock  el_before_av_textblock  hr-center'><span class='hr-inner '><span class=\"hr-inner-style\"><\/span><\/span><\/div>\n<section  class='av_textblock_section av-meb93zq2-6afa93f15c229307ef92ec6b1f935e59 '   itemscope=\"itemscope\" itemtype=\"https:\/\/schema.org\/CreativeWork\" ><div class='avia_textblock'  itemprop=\"text\" ><p>Die fortschreitende Digitalisierung ver\u00e4ndert <strong>die Anforderungen an die Mitarbeiter\u00adschulung in der Pharmaindustrie<\/strong> grundlegend. Pr\u00e4senzseminare behalten zwar weiterhin ihre Bedeutung, doch digitale Lernformate gewinnen durch ihren zeit\u2011 und kosten\u00adsparen\u00adden Charakter zunehmend an Bedeutung.<\/p>\n<p>Wir stellen in diesem Whitepaper <strong>OSIANTO<\/strong> vor, unsere moderne <strong>E\u2011Learning-L\u00f6sung<\/strong> f\u00fcr regulierte Umgebungen. Sie unterst\u00fctzt <strong>pharmazeutische Hersteller<\/strong>, <strong>Pharma-Dienst\u00adleister<\/strong> sowie <strong>Medizinprodukt-Hersteller<\/strong>\u00a0dabei, Schulungsprozesse <strong>effizient<\/strong> zu gestalten, <strong>Compliance-Anforderungen<\/strong> zu erf\u00fcllen und Schulungserfolge l\u00fcckenlos zu dokumentieren.<\/p>\n<\/div><\/section>\n\n<style type=\"text\/css\" data-created_by=\"avia_inline_auto\" id=\"style-css-av-meb9mhqq-f68b7c81e8cf454cb99376dca0395250\">\n#top .hr.hr-invisible.av-meb9mhqq-f68b7c81e8cf454cb99376dca0395250{\nheight:50px;\n}\n<\/style>\n<div  class='hr av-meb9mhqq-f68b7c81e8cf454cb99376dca0395250 hr-invisible  avia-builder-el-3  el_after_av_textblock  el_before_av_textblock '><span class='hr-inner '><span class=\"hr-inner-style\"><\/span><\/span><\/div>\n<section  class='av_textblock_section av-meb9dzjo-b4fa2031b0c34b1982e9bea3e1832c0e '   itemscope=\"itemscope\" itemtype=\"https:\/\/schema.org\/CreativeWork\" ><div class='avia_textblock'  itemprop=\"text\" ><h2><strong>Jetzt Whitepaper anfordern!<\/strong><\/h2>\n<\/div><\/section>\n\n","protected":false},"excerpt":{"rendered":"<p>This is a Page excerpt. It will be displayed for search results<\/p>\n","protected":false},"author":3,"featured_media":0,"parent":3703,"menu_order":0,"comment_status":"open","ping_status":"closed","template":"","meta":{"_themeisle_gutenberg_block_has_review":false,"footnotes":""},"class_list":["post-5881","page","type-page","status-publish","hentry"],"yoast_head":"<!-- This site is optimized with the Yoast SEO plugin v24.9 - https:\/\/yoast.com\/wordpress\/plugins\/seo\/ -->\n<title>Whitepaper | OSIANTO \u2013 E-Learning f\u00fcr Pharmaunternehmen<\/title>\n<meta name=\"description\" content=\"Fordern Sie jetzt unser Whitepaper an, ein Praxisleitfaden zu unserer GAMP5-validierten E-Learning-L\u00f6sung f\u00fcr Pharmaunternehmen.\" \/>\n<meta name=\"robots\" content=\"index, follow, max-snippet:-1, max-image-preview:large, max-video-preview:-1\" \/>\n<link rel=\"canonical\" href=\"https:\/\/www.osianto.de\/index.php\/kontakt\/whitepaper-anfordern\/\" \/>\n<meta property=\"og:locale\" content=\"de_DE\" \/>\n<meta property=\"og:type\" content=\"article\" \/>\n<meta property=\"og:title\" content=\"Whitepaper | OSIANTO \u2013 E-Learning f\u00fcr Pharmaunternehmen\" \/>\n<meta property=\"og:description\" content=\"Fordern Sie jetzt unser Whitepaper an, ein Praxisleitfaden zu unserer GAMP5-validierten E-Learning-L\u00f6sung f\u00fcr Pharmaunternehmen.\" \/>\n<meta property=\"og:url\" content=\"https:\/\/www.osianto.de\/index.php\/kontakt\/whitepaper-anfordern\/\" \/>\n<meta property=\"og:site_name\" content=\"Osianto digital learning\" \/>\n<meta property=\"article:publisher\" content=\"https:\/\/www.facebook.com\/Osianto.Digital.Learning\/\" \/>\n<meta property=\"article:modified_time\" content=\"2026-01-20T12:41:03+00:00\" \/>\n<meta property=\"og:image\" content=\"https:\/\/www.osianto.de\/wp-content\/uploads\/2024\/03\/Osianto-Digital-Learning-Logo-Web-01.png\" \/>\n\t<meta property=\"og:image:width\" content=\"864\" \/>\n\t<meta property=\"og:image:height\" content=\"460\" \/>\n\t<meta property=\"og:image:type\" content=\"image\/png\" \/>\n<meta name=\"twitter:card\" content=\"summary_large_image\" \/>\n<meta name=\"twitter:site\" content=\"@Osianto1\" \/>\n<meta name=\"twitter:label1\" content=\"Gesch\u00e4tzte Lesezeit\" \/>\n\t<meta name=\"twitter:data1\" content=\"1\u00a0Minute\" \/>\n<script type=\"application\/ld+json\" class=\"yoast-schema-graph\">{\"@context\":\"https:\/\/schema.org\",\"@graph\":[{\"@type\":\"WebPage\",\"@id\":\"https:\/\/www.osianto.de\/index.php\/kontakt\/whitepaper-anfordern\/\",\"url\":\"https:\/\/www.osianto.de\/index.php\/kontakt\/whitepaper-anfordern\/\",\"name\":\"Whitepaper | OSIANTO \u2013 E-Learning f\u00fcr Pharmaunternehmen\",\"isPartOf\":{\"@id\":\"https:\/\/www.osianto.de\/#website\"},\"datePublished\":\"2025-04-24T22:00:19+00:00\",\"dateModified\":\"2026-01-20T12:41:03+00:00\",\"description\":\"Fordern Sie jetzt unser Whitepaper an, ein Praxisleitfaden zu unserer GAMP5-validierten E-Learning-L\u00f6sung f\u00fcr Pharmaunternehmen.\",\"breadcrumb\":{\"@id\":\"https:\/\/www.osianto.de\/index.php\/kontakt\/whitepaper-anfordern\/#breadcrumb\"},\"inLanguage\":\"de\",\"potentialAction\":[{\"@type\":\"ReadAction\",\"target\":[\"https:\/\/www.osianto.de\/index.php\/kontakt\/whitepaper-anfordern\/\"]}]},{\"@type\":\"BreadcrumbList\",\"@id\":\"https:\/\/www.osianto.de\/index.php\/kontakt\/whitepaper-anfordern\/#breadcrumb\",\"itemListElement\":[{\"@type\":\"ListItem\",\"position\":1,\"name\":\"Startseite\",\"item\":\"https:\/\/www.osianto.de\/index.php\/startseite\/\"},{\"@type\":\"ListItem\",\"position\":2,\"name\":\"Kontakt\",\"item\":\"https:\/\/www.osianto.de\/index.php\/kontakt\/\"},{\"@type\":\"ListItem\",\"position\":3,\"name\":\"Whitepaper anfordern\"}]},{\"@type\":\"WebSite\",\"@id\":\"https:\/\/www.osianto.de\/#website\",\"url\":\"https:\/\/www.osianto.de\/\",\"name\":\"OSIANTO \u2013 GAMP 5-validierte E-Learning-Plattform f\u00fcr die Pharmaindustrie\",\"description\":\"Schulungsl\u00f6sung f\u00fcr Pharmahersteller und -dienstleister\",\"publisher\":{\"@id\":\"https:\/\/www.osianto.de\/#organization\"},\"alternateName\":\"OSIANTO \u2013 E-Learning f\u00fcr Pharmaunternehmen\",\"potentialAction\":[{\"@type\":\"SearchAction\",\"target\":{\"@type\":\"EntryPoint\",\"urlTemplate\":\"https:\/\/www.osianto.de\/?s={search_term_string}\"},\"query-input\":{\"@type\":\"PropertyValueSpecification\",\"valueRequired\":true,\"valueName\":\"search_term_string\"}}],\"inLanguage\":\"de\"},{\"@type\":\"Organization\",\"@id\":\"https:\/\/www.osianto.de\/#organization\",\"name\":\"30 doradus media design GmbH\",\"url\":\"https:\/\/www.osianto.de\/\",\"logo\":{\"@type\":\"ImageObject\",\"inLanguage\":\"de\",\"@id\":\"https:\/\/www.osianto.de\/#\/schema\/logo\/image\/\",\"url\":\"https:\/\/www.osianto.de\/wp-content\/uploads\/2025\/06\/30doradus.png\",\"contentUrl\":\"https:\/\/www.osianto.de\/wp-content\/uploads\/2025\/06\/30doradus.png\",\"width\":2315,\"height\":468,\"caption\":\"30 doradus media design GmbH\"},\"image\":{\"@id\":\"https:\/\/www.osianto.de\/#\/schema\/logo\/image\/\"},\"sameAs\":[\"https:\/\/www.facebook.com\/Osianto.Digital.Learning\/\",\"https:\/\/x.com\/Osianto1\",\"http:\/\/instagram.com\/osianto_digital_learning\",\"http:\/\/linkedin.com\/company\/30-doradus-media-design-gmbh\"]}]}<\/script>\n<!-- \/ Yoast SEO plugin. -->","yoast_head_json":{"title":"Whitepaper | OSIANTO \u2013 E-Learning f\u00fcr Pharmaunternehmen","description":"Fordern Sie jetzt unser Whitepaper an, ein Praxisleitfaden zu unserer GAMP5-validierten E-Learning-L\u00f6sung f\u00fcr Pharmaunternehmen.","robots":{"index":"index","follow":"follow","max-snippet":"max-snippet:-1","max-image-preview":"max-image-preview:large","max-video-preview":"max-video-preview:-1"},"canonical":"https:\/\/www.osianto.de\/index.php\/kontakt\/whitepaper-anfordern\/","og_locale":"de_DE","og_type":"article","og_title":"Whitepaper | OSIANTO \u2013 E-Learning f\u00fcr Pharmaunternehmen","og_description":"Fordern Sie jetzt unser Whitepaper an, ein Praxisleitfaden zu unserer GAMP5-validierten E-Learning-L\u00f6sung f\u00fcr Pharmaunternehmen.","og_url":"https:\/\/www.osianto.de\/index.php\/kontakt\/whitepaper-anfordern\/","og_site_name":"Osianto digital learning","article_publisher":"https:\/\/www.facebook.com\/Osianto.Digital.Learning\/","article_modified_time":"2026-01-20T12:41:03+00:00","og_image":[{"width":864,"height":460,"url":"https:\/\/www.osianto.de\/wp-content\/uploads\/2024\/03\/Osianto-Digital-Learning-Logo-Web-01.png","type":"image\/png"}],"twitter_card":"summary_large_image","twitter_site":"@Osianto1","twitter_misc":{"Gesch\u00e4tzte Lesezeit":"1\u00a0Minute"},"schema":{"@context":"https:\/\/schema.org","@graph":[{"@type":"WebPage","@id":"https:\/\/www.osianto.de\/index.php\/kontakt\/whitepaper-anfordern\/","url":"https:\/\/www.osianto.de\/index.php\/kontakt\/whitepaper-anfordern\/","name":"Whitepaper | OSIANTO \u2013 E-Learning f\u00fcr Pharmaunternehmen","isPartOf":{"@id":"https:\/\/www.osianto.de\/#website"},"datePublished":"2025-04-24T22:00:19+00:00","dateModified":"2026-01-20T12:41:03+00:00","description":"Fordern Sie jetzt unser Whitepaper an, ein Praxisleitfaden zu unserer GAMP5-validierten E-Learning-L\u00f6sung f\u00fcr Pharmaunternehmen.","breadcrumb":{"@id":"https:\/\/www.osianto.de\/index.php\/kontakt\/whitepaper-anfordern\/#breadcrumb"},"inLanguage":"de","potentialAction":[{"@type":"ReadAction","target":["https:\/\/www.osianto.de\/index.php\/kontakt\/whitepaper-anfordern\/"]}]},{"@type":"BreadcrumbList","@id":"https:\/\/www.osianto.de\/index.php\/kontakt\/whitepaper-anfordern\/#breadcrumb","itemListElement":[{"@type":"ListItem","position":1,"name":"Startseite","item":"https:\/\/www.osianto.de\/index.php\/startseite\/"},{"@type":"ListItem","position":2,"name":"Kontakt","item":"https:\/\/www.osianto.de\/index.php\/kontakt\/"},{"@type":"ListItem","position":3,"name":"Whitepaper anfordern"}]},{"@type":"WebSite","@id":"https:\/\/www.osianto.de\/#website","url":"https:\/\/www.osianto.de\/","name":"OSIANTO \u2013 GAMP 5-validierte E-Learning-Plattform f\u00fcr die Pharmaindustrie","description":"Schulungsl\u00f6sung f\u00fcr Pharmahersteller und -dienstleister","publisher":{"@id":"https:\/\/www.osianto.de\/#organization"},"alternateName":"OSIANTO \u2013 E-Learning f\u00fcr Pharmaunternehmen","potentialAction":[{"@type":"SearchAction","target":{"@type":"EntryPoint","urlTemplate":"https:\/\/www.osianto.de\/?s={search_term_string}"},"query-input":{"@type":"PropertyValueSpecification","valueRequired":true,"valueName":"search_term_string"}}],"inLanguage":"de"},{"@type":"Organization","@id":"https:\/\/www.osianto.de\/#organization","name":"30 doradus media design GmbH","url":"https:\/\/www.osianto.de\/","logo":{"@type":"ImageObject","inLanguage":"de","@id":"https:\/\/www.osianto.de\/#\/schema\/logo\/image\/","url":"https:\/\/www.osianto.de\/wp-content\/uploads\/2025\/06\/30doradus.png","contentUrl":"https:\/\/www.osianto.de\/wp-content\/uploads\/2025\/06\/30doradus.png","width":2315,"height":468,"caption":"30 doradus media design GmbH"},"image":{"@id":"https:\/\/www.osianto.de\/#\/schema\/logo\/image\/"},"sameAs":["https:\/\/www.facebook.com\/Osianto.Digital.Learning\/","https:\/\/x.com\/Osianto1","http:\/\/instagram.com\/osianto_digital_learning","http:\/\/linkedin.com\/company\/30-doradus-media-design-gmbh"]}]}},"_links":{"self":[{"href":"https:\/\/www.osianto.de\/index.php\/wp-json\/wp\/v2\/pages\/5881","targetHints":{"allow":["GET"]}}],"collection":[{"href":"https:\/\/www.osianto.de\/index.php\/wp-json\/wp\/v2\/pages"}],"about":[{"href":"https:\/\/www.osianto.de\/index.php\/wp-json\/wp\/v2\/types\/page"}],"author":[{"embeddable":true,"href":"https:\/\/www.osianto.de\/index.php\/wp-json\/wp\/v2\/users\/3"}],"replies":[{"embeddable":true,"href":"https:\/\/www.osianto.de\/index.php\/wp-json\/wp\/v2\/comments?post=5881"}],"version-history":[{"count":16,"href":"https:\/\/www.osianto.de\/index.php\/wp-json\/wp\/v2\/pages\/5881\/revisions"}],"predecessor-version":[{"id":6243,"href":"https:\/\/www.osianto.de\/index.php\/wp-json\/wp\/v2\/pages\/5881\/revisions\/6243"}],"up":[{"embeddable":true,"href":"https:\/\/www.osianto.de\/index.php\/wp-json\/wp\/v2\/pages\/3703"}],"wp:attachment":[{"href":"https:\/\/www.osianto.de\/index.php\/wp-json\/wp\/v2\/media?parent=5881"}],"curies":[{"name":"wp","href":"https:\/\/api.w.org\/{rel}","templated":true}]}}